{"id":924,"date":"2025-03-29T21:14:21","date_gmt":"2025-03-29T21:14:21","guid":{"rendered":"https:\/\/loisraposo.com\/?page_id=924"},"modified":"2025-04-03T10:58:17","modified_gmt":"2025-04-03T10:58:17","slug":"privacidad-de-datos","status":"publish","type":"page","link":"https:\/\/loisraposo.com\/pt\/privacidad-de-datos\/","title":{"rendered":"Privacidade de dados"},"content":{"rendered":"<p>Esta Pol\u00edtica de Privacidad describe las pol\u00edticas de Lois Raposo, Calle Ibiza, 8 Mercado de Ibiza, local 15, Madrid 28009, Espa\u00f1a, correo electr\u00f3nico: <a>info@loisraposo.com<\/a>, tel\u00e9fono: 639 45 79 19, sobre la recopilaci\u00f3n, uso y divulgaci\u00f3n de su informaci\u00f3n cuando utiliza nuestro sitio web (<a>https:\/\/loisraposo.com<\/a>) (el \u00abServicio\u00bb). Al acceder o utilizar el Servicio, usted acepta la recopilaci\u00f3n, uso y divulgaci\u00f3n de su informaci\u00f3n seg\u00fan lo establecido en esta Pol\u00edtica de Privacidad. Si no est\u00e1 de acuerdo, por favor no acceda ni use el Servicio.<\/p>\n\n\n\n<p>Podemos modificar esta Pol\u00edtica de Privacidad en cualquier momento sin previo aviso y publicaremos la Pol\u00edtica de Privacidad revisada en el Servicio. La Pol\u00edtica revisada ser\u00e1 efectiva 180 d\u00edas despu\u00e9s de su publicaci\u00f3n en el Servicio, y su acceso o uso continuado del Servicio tras ese plazo constituir\u00e1 su aceptaci\u00f3n de la Pol\u00edtica de Privacidad revisada. Por lo tanto, recomendamos que revise peri\u00f3dicamente esta p\u00e1gina.<\/p>\n\n\n\n<p>C\u00f3mo utilizamos su informaci\u00f3n: Utilizaremos la informaci\u00f3n que recopilamos sobre usted para los siguientes fines:<\/p>\n\n\n\n<ul class=\"wp-block-list\">\n<li>Marketing\/Promociones<\/li>\n\n\n\n<li>Procesamiento de pagos<\/li>\n\n\n\n<li>Soporte<\/li>\n<\/ul>\n\n\n\n<p>Si deseamos usar su informaci\u00f3n para cualquier otro prop\u00f3sito, solicitaremos su consentimiento y usaremos su informaci\u00f3n \u00fanicamente al recibir su consentimiento y solo para el prop\u00f3sito o prop\u00f3sitos para los que otorg\u00f3 dicho consentimiento, salvo que la ley nos exija lo contrario.<\/p>\n\n\n\n<p>Sus derechos: Dependiendo de la legislaci\u00f3n aplicable, puede tener derecho a acceder y rectificar o eliminar sus datos personales, recibir una copia de sus datos personales, restringir u oponerse al tratamiento activo de sus datos, solicitarnos compartir (portar) su informaci\u00f3n personal con otra entidad, retirar cualquier consentimiento que nos haya dado para procesar sus datos, el derecho a presentar una queja ante una autoridad reguladora y otros derechos relevantes seg\u00fan las leyes aplicables. Para ejercer estos derechos, puede escribirnos a <a>info@loisraposo.com<\/a>. Responderemos a su solicitud conforme a la ley aplicable.<\/p>\n\n\n\n<p>Tenga en cuenta que si no nos permite recopilar o procesar la informaci\u00f3n personal requerida o retira el consentimiento para procesar la misma con los fines requeridos, es posible que no pueda acceder o utilizar los servicios para los cuales se solicit\u00f3 su informaci\u00f3n.<\/p>\n\n\n\n<p>Cookies y tecnolog\u00edas similares: Para obtener m\u00e1s informaci\u00f3n sobre c\u00f3mo utilizamos estas tecnolog\u00edas y sus opciones al respecto, consulte nuestra Pol\u00edtica de Cookies.<\/p>\n\n\n\n<p>Seguridad: La seguridad de su informaci\u00f3n es importante para nosotros y utilizaremos medidas de seguridad razonables para prevenir la p\u00e9rdida, mal uso o alteraci\u00f3n no autorizada de su informaci\u00f3n bajo nuestro control. Sin embargo, debido a los riesgos inherentes, no podemos garantizar una seguridad absoluta y, en consecuencia, no podemos asegurar ni garantizar la seguridad de ninguna informaci\u00f3n que nos transmita; cualquier transmisi\u00f3n se realiza bajo su propio riesgo.<\/p>\n\n\n\n<p>Responsable de Protecci\u00f3n de Datos \/ Quejas: Si tiene alguna consulta o inquietud sobre el procesamiento de su informaci\u00f3n que est\u00e1 disponible con nosotros, puede enviar un correo electr\u00f3nico a nuestro responsable de atenci\u00f3n, Lois Raposo, Calle Ibiza, 8 Mercado de Ibiza, local 15, correo electr\u00f3nico: <a>info@loisraposo.com<\/a>. Abordaremos sus inquietudes conforme a la ley aplicable.<\/p>","protected":false},"excerpt":{"rendered":"<p>Esta Pol\u00edtica de Privacidad describe las pol\u00edticas de Lois Raposo, Calle Ibiza, 8 Mercado de Ibiza, local 15, Madrid 28009, Espa\u00f1a, correo electr\u00f3nico: info@loisraposo.com, tel\u00e9fono: 639 45 79 19, sobre la recopilaci\u00f3n, uso y divulgaci\u00f3n de su informaci\u00f3n cuando utiliza nuestro sitio web (https:\/\/loisraposo.com) (el \u00abServicio\u00bb). Al acceder o utilizar el Servicio, usted acepta la [&hellip;]<\/p>","protected":false},"author":1,"featured_media":0,"parent":0,"menu_order":0,"comment_status":"closed","ping_status":"closed","template":"","meta":{"footnotes":""},"class_list":["post-924","page","type-page","status-publish","hentry"],"yoast_head":"<!-- This site is optimized with the Yoast SEO plugin v27.0 - https:\/\/yoast.com\/product\/yoast-seo-wordpress\/ -->\n<title>Privacidad de datos - Lois Raposo<\/title>\n<meta name=\"robots\" content=\"noindex, nofollow\" \/>\n<meta property=\"og:locale\" content=\"pt_PT\" \/>\n<meta property=\"og:type\" content=\"article\" \/>\n<meta property=\"og:title\" content=\"Privacidad de datos - Lois Raposo\" \/>\n<meta property=\"og:description\" content=\"Esta Pol\u00edtica de Privacidad describe las pol\u00edticas de Lois Raposo, Calle Ibiza, 8 Mercado de Ibiza, local 15, Madrid 28009, Espa\u00f1a, correo electr\u00f3nico: info@loisraposo.com, tel\u00e9fono: 639 45 79 19, sobre la recopilaci\u00f3n, uso y divulgaci\u00f3n de su informaci\u00f3n cuando utiliza nuestro sitio web (https:\/\/loisraposo.com) (el \u00abServicio\u00bb). Al acceder o utilizar el Servicio, usted acepta la [&hellip;]\" \/>\n<meta property=\"og:url\" content=\"https:\/\/loisraposo.com\/pt\/privacidad-de-datos\/\" \/>\n<meta property=\"og:site_name\" content=\"Lois Raposo\" \/>\n<meta property=\"article:modified_time\" content=\"2025-04-03T10:58:17+00:00\" \/>\n<meta name=\"twitter:card\" content=\"summary_large_image\" \/>\n<meta name=\"twitter:label1\" content=\"Tempo estimado de leitura\" \/>\n\t<meta name=\"twitter:data1\" content=\"3 minutos\" \/>\n<script type=\"application\/ld+json\" class=\"yoast-schema-graph\">{\"@context\":\"https:\/\/schema.org\",\"@graph\":[{\"@type\":\"WebPage\",\"@id\":\"https:\/\/loisraposo.com\/privacidad-de-datos\/\",\"url\":\"https:\/\/loisraposo.com\/privacidad-de-datos\/\",\"name\":\"Privacidad de datos - Lois Raposo\",\"isPartOf\":{\"@id\":\"https:\/\/loisraposo.com\/#website\"},\"datePublished\":\"2025-03-29T21:14:21+00:00\",\"dateModified\":\"2025-04-03T10:58:17+00:00\",\"breadcrumb\":{\"@id\":\"https:\/\/loisraposo.com\/privacidad-de-datos\/#breadcrumb\"},\"inLanguage\":\"pt-PT\",\"potentialAction\":[{\"@type\":\"ReadAction\",\"target\":[\"https:\/\/loisraposo.com\/privacidad-de-datos\/\"]}]},{\"@type\":\"BreadcrumbList\",\"@id\":\"https:\/\/loisraposo.com\/privacidad-de-datos\/#breadcrumb\",\"itemListElement\":[{\"@type\":\"ListItem\",\"position\":1,\"name\":\"Portada\",\"item\":\"https:\/\/loisraposo.com\/\"},{\"@type\":\"ListItem\",\"position\":2,\"name\":\"Privacidad de datos\"}]},{\"@type\":\"WebSite\",\"@id\":\"https:\/\/loisraposo.com\/#website\",\"url\":\"https:\/\/loisraposo.com\/\",\"name\":\"Lois Raposo\",\"description\":\"Afilador Profesional en Madrid\",\"publisher\":{\"@id\":\"https:\/\/loisraposo.com\/#\/schema\/person\/7bb1a37182ed39c226c68c0ecde0c7ab\"},\"potentialAction\":[{\"@type\":\"SearchAction\",\"target\":{\"@type\":\"EntryPoint\",\"urlTemplate\":\"https:\/\/loisraposo.com\/?s={search_term_string}\"},\"query-input\":{\"@type\":\"PropertyValueSpecification\",\"valueRequired\":true,\"valueName\":\"search_term_string\"}}],\"inLanguage\":\"pt-PT\"},{\"@type\":[\"Person\",\"Organization\"],\"@id\":\"https:\/\/loisraposo.com\/#\/schema\/person\/7bb1a37182ed39c226c68c0ecde0c7ab\",\"name\":\"hazmarca\",\"image\":{\"@type\":\"ImageObject\",\"inLanguage\":\"pt-PT\",\"@id\":\"https:\/\/loisraposo.com\/#\/schema\/person\/image\/\",\"url\":\"https:\/\/loisraposo.com\/wp-content\/uploads\/2025\/03\/cropped-IMG-20211114-WA0041.jpg\",\"contentUrl\":\"https:\/\/loisraposo.com\/wp-content\/uploads\/2025\/03\/cropped-IMG-20211114-WA0041.jpg\",\"width\":1033,\"height\":295,\"caption\":\"hazmarca\"},\"logo\":{\"@id\":\"https:\/\/loisraposo.com\/#\/schema\/person\/image\/\"}}]}<\/script>\n<!-- \/ Yoast SEO plugin. -->","yoast_head_json":{"title":"Privacidad de datos - Lois Raposo","robots":{"index":"noindex","follow":"nofollow"},"og_locale":"pt_PT","og_type":"article","og_title":"Privacidad de datos - Lois Raposo","og_description":"Esta Pol\u00edtica de Privacidad describe las pol\u00edticas de Lois Raposo, Calle Ibiza, 8 Mercado de Ibiza, local 15, Madrid 28009, Espa\u00f1a, correo electr\u00f3nico: info@loisraposo.com, tel\u00e9fono: 639 45 79 19, sobre la recopilaci\u00f3n, uso y divulgaci\u00f3n de su informaci\u00f3n cuando utiliza nuestro sitio web (https:\/\/loisraposo.com) (el \u00abServicio\u00bb). Al acceder o utilizar el Servicio, usted acepta la [&hellip;]","og_url":"https:\/\/loisraposo.com\/pt\/privacidad-de-datos\/","og_site_name":"Lois Raposo","article_modified_time":"2025-04-03T10:58:17+00:00","twitter_card":"summary_large_image","twitter_misc":{"Tempo estimado de leitura":"3 minutos"},"schema":{"@context":"https:\/\/schema.org","@graph":[{"@type":"WebPage","@id":"https:\/\/loisraposo.com\/privacidad-de-datos\/","url":"https:\/\/loisraposo.com\/privacidad-de-datos\/","name":"Privacidad de datos - Lois Raposo","isPartOf":{"@id":"https:\/\/loisraposo.com\/#website"},"datePublished":"2025-03-29T21:14:21+00:00","dateModified":"2025-04-03T10:58:17+00:00","breadcrumb":{"@id":"https:\/\/loisraposo.com\/privacidad-de-datos\/#breadcrumb"},"inLanguage":"pt-PT","potentialAction":[{"@type":"ReadAction","target":["https:\/\/loisraposo.com\/privacidad-de-datos\/"]}]},{"@type":"BreadcrumbList","@id":"https:\/\/loisraposo.com\/privacidad-de-datos\/#breadcrumb","itemListElement":[{"@type":"ListItem","position":1,"name":"Portada","item":"https:\/\/loisraposo.com\/"},{"@type":"ListItem","position":2,"name":"Privacidad de datos"}]},{"@type":"WebSite","@id":"https:\/\/loisraposo.com\/#website","url":"https:\/\/loisraposo.com\/","name":"Lois Raposo","description":"Afilador Profesional en Madrid","publisher":{"@id":"https:\/\/loisraposo.com\/#\/schema\/person\/7bb1a37182ed39c226c68c0ecde0c7ab"},"potentialAction":[{"@type":"SearchAction","target":{"@type":"EntryPoint","urlTemplate":"https:\/\/loisraposo.com\/?s={search_term_string}"},"query-input":{"@type":"PropertyValueSpecification","valueRequired":true,"valueName":"search_term_string"}}],"inLanguage":"pt-PT"},{"@type":["Person","Organization"],"@id":"https:\/\/loisraposo.com\/#\/schema\/person\/7bb1a37182ed39c226c68c0ecde0c7ab","name":"hazmarca","image":{"@type":"ImageObject","inLanguage":"pt-PT","@id":"https:\/\/loisraposo.com\/#\/schema\/person\/image\/","url":"https:\/\/loisraposo.com\/wp-content\/uploads\/2025\/03\/cropped-IMG-20211114-WA0041.jpg","contentUrl":"https:\/\/loisraposo.com\/wp-content\/uploads\/2025\/03\/cropped-IMG-20211114-WA0041.jpg","width":1033,"height":295,"caption":"hazmarca"},"logo":{"@id":"https:\/\/loisraposo.com\/#\/schema\/person\/image\/"}}]}},"_links":{"self":[{"href":"https:\/\/loisraposo.com\/pt\/wp-json\/wp\/v2\/pages\/924","targetHints":{"allow":["GET"]}}],"collection":[{"href":"https:\/\/loisraposo.com\/pt\/wp-json\/wp\/v2\/pages"}],"about":[{"href":"https:\/\/loisraposo.com\/pt\/wp-json\/wp\/v2\/types\/page"}],"author":[{"embeddable":true,"href":"https:\/\/loisraposo.com\/pt\/wp-json\/wp\/v2\/users\/1"}],"replies":[{"embeddable":true,"href":"https:\/\/loisraposo.com\/pt\/wp-json\/wp\/v2\/comments?post=924"}],"version-history":[{"count":2,"href":"https:\/\/loisraposo.com\/pt\/wp-json\/wp\/v2\/pages\/924\/revisions"}],"predecessor-version":[{"id":1131,"href":"https:\/\/loisraposo.com\/pt\/wp-json\/wp\/v2\/pages\/924\/revisions\/1131"}],"wp:attachment":[{"href":"https:\/\/loisraposo.com\/pt\/wp-json\/wp\/v2\/media?parent=924"}],"curies":[{"name":"wp","href":"https:\/\/api.w.org\/{rel}","templated":true}]}}