{"id":920,"date":"2025-03-28T13:01:45","date_gmt":"2025-03-28T13:01:45","guid":{"rendered":"https:\/\/loisraposo.com\/?page_id=920"},"modified":"2025-04-03T10:58:50","modified_gmt":"2025-04-03T10:58:50","slug":"politica-de-cookies","status":"publish","type":"page","link":"https:\/\/loisraposo.com\/pt\/politica-de-cookies\/","title":{"rendered":"Pol\u00edtica de Cookies"},"content":{"rendered":"<h5 class=\"wp-block-heading\">\u00bfQu\u00e9 son las cookies?<\/h5>\n\n\n\n<p>Esta Pol\u00edtica de Cookies explica qu\u00e9 son las cookies, c\u00f3mo las utilizamos, qu\u00e9 tipos usamos, qu\u00e9 informaci\u00f3n recopilamos y c\u00f3mo la usamos, adem\u00e1s de c\u00f3mo puedes gestionar tus preferencias.<\/p>\n\n\n\n<p>Las cookies son peque\u00f1os archivos de texto que almacenan fragmentos de informaci\u00f3n. Se guardan en tu dispositivo cuando visitas nuestra web. Estas cookies nos ayudan a que el sitio funcione correctamente, sea m\u00e1s seguro, ofrezca una mejor experiencia de usuario y nos permiten analizar su rendimiento para mejorarlo continuamente.<\/p>\n\n\n\n<h5 class=\"wp-block-heading\">\u00bfC\u00f3mo usamos las cookies?<\/h5>\n\n\n\n<p>Como muchos servicios en l\u00ednea, nuestra web utiliza cookies propias y de terceros para diferentes fines. Las cookies propias son esenciales para el funcionamiento adecuado del sitio y no recopilan informaci\u00f3n personal identificable.<\/p>\n\n\n\n<p>Las cookies de terceros nos permiten entender c\u00f3mo se comporta el sitio, c\u00f3mo interact\u00faas con \u00e9l, mantener nuestros servicios seguros, mostrar anuncios relevantes y, en general, ofrecerte una mejor experiencia y agilizar tus visitas futuras.<\/p>\n\n\n\n<h5 class=\"wp-block-heading\">Uso de cookies<\/h5>\n\n\n\n<h5 class=\"wp-block-heading\">Gestionar preferencias de cookies<\/h5>\n\n\n\n<p><a>Configuraci\u00f3n de cookies<\/a><\/p>\n\n\n\n<p>Puedes cambiar tus preferencias de cookies en cualquier momento haciendo clic en el bot\u00f3n anterior. Esto te permitir\u00e1 volver a ver el banner de consentimiento y modificar tus elecciones o retirar tu consentimiento inmediatamente.<\/p>\n\n\n\n<p>Adem\u00e1s, cada navegador ofrece formas distintas de bloquear o eliminar las cookies utilizadas por los sitios web. A continuaci\u00f3n te dejamos enlaces a las instrucciones para los navegadores m\u00e1s comunes:<\/p>\n\n\n\n<p>Chrome: <a target=\"_blank\" href=\"https:\/\/support.google.com\/accounts\/answer\/32050\" rel=\"noreferrer noopener\">https:\/\/support.google.com\/accounts\/answer\/32050<\/a><\/p>\n\n\n\n<p>Safari: <a target=\"_blank\" href=\"https:\/\/support.apple.com\/en-in\/guide\/safari\/sfri11471\/mac\" rel=\"noreferrer noopener\">https:\/\/support.apple.com\/en-in\/guide\/safari\/sfri11471\/mac<\/a><\/p>\n\n\n\n<p>Firefox: <a target=\"_blank\" href=\"https:\/\/support.mozilla.org\/en-US\/kb\/clear-cookies-and-site-data-firefox?redirectslug=delete-cookies-remove-info-websites-stored&amp;redirectlocale=en-US\" rel=\"noreferrer noopener\">https:\/\/support.mozilla.org\/en-US\/kb\/clear-cookies-and-site-data-firefox<\/a><\/p>\n\n\n\n<p>Internet Explorer: <a target=\"_blank\" href=\"https:\/\/support.microsoft.com\/en-us\/topic\/how-to-delete-cookie-files-in-internet-explorer-bca9446f-d873-78de-77ba-d42645fa52fc\" rel=\"noreferrer noopener\">https:\/\/support.microsoft.com\/en-us\/topic\/how-to-delete-cookie-files-in-internet-explorer<\/a><\/p>\n\n\n\n<p>Si usas otro navegador, consulta la documentaci\u00f3n oficial de soporte de ese navegador.<\/p>\n\n\n\n<p>Pol\u00edtica de cookies generada con <a target=\"_blank\" href=\"https:\/\/www.cookieyes.com\/?utm_source=CP&amp;utm_medium=footer&amp;utm_campaign=UW\" rel=\"noreferrer noopener\">CookieYes &#8211; Generador de Pol\u00edticas de Cookies<\/a>.<\/p>","protected":false},"excerpt":{"rendered":"<p>\u00bfQu\u00e9 son las cookies? Esta Pol\u00edtica de Cookies explica qu\u00e9 son las cookies, c\u00f3mo las utilizamos, qu\u00e9 tipos usamos, qu\u00e9 informaci\u00f3n recopilamos y c\u00f3mo la usamos, adem\u00e1s de c\u00f3mo puedes gestionar tus preferencias. Las cookies son peque\u00f1os archivos de texto que almacenan fragmentos de informaci\u00f3n. Se guardan en tu dispositivo cuando visitas nuestra web. Estas [&hellip;]<\/p>","protected":false},"author":1,"featured_media":0,"parent":0,"menu_order":0,"comment_status":"closed","ping_status":"closed","template":"","meta":{"footnotes":""},"class_list":["post-920","page","type-page","status-publish","hentry"],"yoast_head":"<!-- This site is optimized with the Yoast SEO plugin v27.0 - https:\/\/yoast.com\/product\/yoast-seo-wordpress\/ -->\n<title>Pol\u00edtica de Cookies - Lois Raposo<\/title>\n<meta name=\"robots\" content=\"noindex, nofollow\" \/>\n<meta property=\"og:locale\" content=\"pt_PT\" \/>\n<meta property=\"og:type\" content=\"article\" \/>\n<meta property=\"og:title\" content=\"Pol\u00edtica de Cookies - Lois Raposo\" \/>\n<meta property=\"og:description\" content=\"\u00bfQu\u00e9 son las cookies? Esta Pol\u00edtica de Cookies explica qu\u00e9 son las cookies, c\u00f3mo las utilizamos, qu\u00e9 tipos usamos, qu\u00e9 informaci\u00f3n recopilamos y c\u00f3mo la usamos, adem\u00e1s de c\u00f3mo puedes gestionar tus preferencias. Las cookies son peque\u00f1os archivos de texto que almacenan fragmentos de informaci\u00f3n. Se guardan en tu dispositivo cuando visitas nuestra web. Estas [&hellip;]\" \/>\n<meta property=\"og:url\" content=\"https:\/\/loisraposo.com\/pt\/politica-de-cookies\/\" \/>\n<meta property=\"og:site_name\" content=\"Lois Raposo\" \/>\n<meta property=\"article:modified_time\" content=\"2025-04-03T10:58:50+00:00\" \/>\n<meta name=\"twitter:card\" content=\"summary_large_image\" \/>\n<meta name=\"twitter:label1\" content=\"Tempo estimado de leitura\" \/>\n\t<meta name=\"twitter:data1\" content=\"2 minutos\" \/>\n<script type=\"application\/ld+json\" class=\"yoast-schema-graph\">{\"@context\":\"https:\/\/schema.org\",\"@graph\":[{\"@type\":\"WebPage\",\"@id\":\"https:\/\/loisraposo.com\/politica-de-cookies\/\",\"url\":\"https:\/\/loisraposo.com\/politica-de-cookies\/\",\"name\":\"Pol\u00edtica de Cookies - Lois Raposo\",\"isPartOf\":{\"@id\":\"https:\/\/loisraposo.com\/#website\"},\"datePublished\":\"2025-03-28T13:01:45+00:00\",\"dateModified\":\"2025-04-03T10:58:50+00:00\",\"breadcrumb\":{\"@id\":\"https:\/\/loisraposo.com\/politica-de-cookies\/#breadcrumb\"},\"inLanguage\":\"pt-PT\",\"potentialAction\":[{\"@type\":\"ReadAction\",\"target\":[\"https:\/\/loisraposo.com\/politica-de-cookies\/\"]}]},{\"@type\":\"BreadcrumbList\",\"@id\":\"https:\/\/loisraposo.com\/politica-de-cookies\/#breadcrumb\",\"itemListElement\":[{\"@type\":\"ListItem\",\"position\":1,\"name\":\"Portada\",\"item\":\"https:\/\/loisraposo.com\/\"},{\"@type\":\"ListItem\",\"position\":2,\"name\":\"Pol\u00edtica de Cookies\"}]},{\"@type\":\"WebSite\",\"@id\":\"https:\/\/loisraposo.com\/#website\",\"url\":\"https:\/\/loisraposo.com\/\",\"name\":\"Lois Raposo\",\"description\":\"Afilador Profesional en Madrid\",\"publisher\":{\"@id\":\"https:\/\/loisraposo.com\/#\/schema\/person\/7bb1a37182ed39c226c68c0ecde0c7ab\"},\"potentialAction\":[{\"@type\":\"SearchAction\",\"target\":{\"@type\":\"EntryPoint\",\"urlTemplate\":\"https:\/\/loisraposo.com\/?s={search_term_string}\"},\"query-input\":{\"@type\":\"PropertyValueSpecification\",\"valueRequired\":true,\"valueName\":\"search_term_string\"}}],\"inLanguage\":\"pt-PT\"},{\"@type\":[\"Person\",\"Organization\"],\"@id\":\"https:\/\/loisraposo.com\/#\/schema\/person\/7bb1a37182ed39c226c68c0ecde0c7ab\",\"name\":\"hazmarca\",\"image\":{\"@type\":\"ImageObject\",\"inLanguage\":\"pt-PT\",\"@id\":\"https:\/\/loisraposo.com\/#\/schema\/person\/image\/\",\"url\":\"https:\/\/loisraposo.com\/wp-content\/uploads\/2025\/03\/cropped-IMG-20211114-WA0041.jpg\",\"contentUrl\":\"https:\/\/loisraposo.com\/wp-content\/uploads\/2025\/03\/cropped-IMG-20211114-WA0041.jpg\",\"width\":1033,\"height\":295,\"caption\":\"hazmarca\"},\"logo\":{\"@id\":\"https:\/\/loisraposo.com\/#\/schema\/person\/image\/\"}}]}<\/script>\n<!-- \/ Yoast SEO plugin. -->","yoast_head_json":{"title":"Pol\u00edtica de Cookies - Lois Raposo","robots":{"index":"noindex","follow":"nofollow"},"og_locale":"pt_PT","og_type":"article","og_title":"Pol\u00edtica de Cookies - Lois Raposo","og_description":"\u00bfQu\u00e9 son las cookies? Esta Pol\u00edtica de Cookies explica qu\u00e9 son las cookies, c\u00f3mo las utilizamos, qu\u00e9 tipos usamos, qu\u00e9 informaci\u00f3n recopilamos y c\u00f3mo la usamos, adem\u00e1s de c\u00f3mo puedes gestionar tus preferencias. Las cookies son peque\u00f1os archivos de texto que almacenan fragmentos de informaci\u00f3n. Se guardan en tu dispositivo cuando visitas nuestra web. Estas [&hellip;]","og_url":"https:\/\/loisraposo.com\/pt\/politica-de-cookies\/","og_site_name":"Lois Raposo","article_modified_time":"2025-04-03T10:58:50+00:00","twitter_card":"summary_large_image","twitter_misc":{"Tempo estimado de leitura":"2 minutos"},"schema":{"@context":"https:\/\/schema.org","@graph":[{"@type":"WebPage","@id":"https:\/\/loisraposo.com\/politica-de-cookies\/","url":"https:\/\/loisraposo.com\/politica-de-cookies\/","name":"Pol\u00edtica de Cookies - Lois Raposo","isPartOf":{"@id":"https:\/\/loisraposo.com\/#website"},"datePublished":"2025-03-28T13:01:45+00:00","dateModified":"2025-04-03T10:58:50+00:00","breadcrumb":{"@id":"https:\/\/loisraposo.com\/politica-de-cookies\/#breadcrumb"},"inLanguage":"pt-PT","potentialAction":[{"@type":"ReadAction","target":["https:\/\/loisraposo.com\/politica-de-cookies\/"]}]},{"@type":"BreadcrumbList","@id":"https:\/\/loisraposo.com\/politica-de-cookies\/#breadcrumb","itemListElement":[{"@type":"ListItem","position":1,"name":"Portada","item":"https:\/\/loisraposo.com\/"},{"@type":"ListItem","position":2,"name":"Pol\u00edtica de Cookies"}]},{"@type":"WebSite","@id":"https:\/\/loisraposo.com\/#website","url":"https:\/\/loisraposo.com\/","name":"Lois Raposo","description":"Afilador Profesional en Madrid","publisher":{"@id":"https:\/\/loisraposo.com\/#\/schema\/person\/7bb1a37182ed39c226c68c0ecde0c7ab"},"potentialAction":[{"@type":"SearchAction","target":{"@type":"EntryPoint","urlTemplate":"https:\/\/loisraposo.com\/?s={search_term_string}"},"query-input":{"@type":"PropertyValueSpecification","valueRequired":true,"valueName":"search_term_string"}}],"inLanguage":"pt-PT"},{"@type":["Person","Organization"],"@id":"https:\/\/loisraposo.com\/#\/schema\/person\/7bb1a37182ed39c226c68c0ecde0c7ab","name":"hazmarca","image":{"@type":"ImageObject","inLanguage":"pt-PT","@id":"https:\/\/loisraposo.com\/#\/schema\/person\/image\/","url":"https:\/\/loisraposo.com\/wp-content\/uploads\/2025\/03\/cropped-IMG-20211114-WA0041.jpg","contentUrl":"https:\/\/loisraposo.com\/wp-content\/uploads\/2025\/03\/cropped-IMG-20211114-WA0041.jpg","width":1033,"height":295,"caption":"hazmarca"},"logo":{"@id":"https:\/\/loisraposo.com\/#\/schema\/person\/image\/"}}]}},"_links":{"self":[{"href":"https:\/\/loisraposo.com\/pt\/wp-json\/wp\/v2\/pages\/920","targetHints":{"allow":["GET"]}}],"collection":[{"href":"https:\/\/loisraposo.com\/pt\/wp-json\/wp\/v2\/pages"}],"about":[{"href":"https:\/\/loisraposo.com\/pt\/wp-json\/wp\/v2\/types\/page"}],"author":[{"embeddable":true,"href":"https:\/\/loisraposo.com\/pt\/wp-json\/wp\/v2\/users\/1"}],"replies":[{"embeddable":true,"href":"https:\/\/loisraposo.com\/pt\/wp-json\/wp\/v2\/comments?post=920"}],"version-history":[{"count":2,"href":"https:\/\/loisraposo.com\/pt\/wp-json\/wp\/v2\/pages\/920\/revisions"}],"predecessor-version":[{"id":923,"href":"https:\/\/loisraposo.com\/pt\/wp-json\/wp\/v2\/pages\/920\/revisions\/923"}],"wp:attachment":[{"href":"https:\/\/loisraposo.com\/pt\/wp-json\/wp\/v2\/media?parent=920"}],"curies":[{"name":"wp","href":"https:\/\/api.w.org\/{rel}","templated":true}]}}