{"id":61,"date":"2025-03-04T10:02:30","date_gmt":"2025-03-04T10:02:30","guid":{"rendered":"https:\/\/loisraposo.com\/?page_id=61"},"modified":"2026-02-25T11:05:33","modified_gmt":"2026-02-25T11:05:33","slug":"contacto","status":"publish","type":"page","link":"https:\/\/loisraposo.com\/pt\/contacto\/","title":{"rendered":"Contato"},"content":{"rendered":"<div data-elementor-type=\"wp-page\" data-elementor-id=\"61\" class=\"elementor elementor-61\" data-elementor-post-type=\"page\">\n\t\t\t\t\t\t<section class=\"elementor-section elementor-top-section elementor-element elementor-element-42d3aedd elementor-section-height-min-height elementor-section-full_width elementor-section-height-default elementor-section-items-middle\" data-id=\"42d3aedd\" data-element_type=\"section\" data-e-type=\"section\" data-settings=\"{&quot;background_background&quot;:&quot;classic&quot;}\">\n\t\t\t\t\t\t\t<div class=\"elementor-background-overlay\"><\/div>\n\t\t\t\t\t\t\t<div class=\"elementor-container elementor-column-gap-no\">\n\t\t\t\t\t<div class=\"elementor-column elementor-col-100 elementor-top-column elementor-element elementor-element-16c99b5f\" data-id=\"16c99b5f\" data-element_type=\"column\" data-e-type=\"column\">\n\t\t\t<div class=\"elementor-widget-wrap elementor-element-populated\">\n\t\t\t\t\t\t<section class=\"elementor-section elementor-inner-section elementor-element elementor-element-336872d1 elementor-section-full_width elementor-section-height-default elementor-section-height-default\" data-id=\"336872d1\" data-element_type=\"section\" data-e-type=\"section\">\n\t\t\t\t\t\t<div class=\"elementor-container elementor-column-gap-no\">\n\t\t\t\t\t<div class=\"elementor-column elementor-col-100 elementor-inner-column elementor-element elementor-element-6470dae\" data-id=\"6470dae\" data-element_type=\"column\" data-e-type=\"column\">\n\t\t\t<div class=\"elementor-widget-wrap elementor-element-populated\">\n\t\t\t\t\t\t<div class=\"elementor-element elementor-element-4a96d711 elementor-widget elementor-widget-heading\" data-id=\"4a96d711\" data-element_type=\"widget\" data-e-type=\"widget\" data-widget_type=\"heading.default\">\n\t\t\t\t<div class=\"elementor-widget-container\">\n\t\t\t\t\t<p class=\"elementor-heading-title elementor-size-default\">Contato - Lois Raposo, Afiadora Profissional<\/p>\t\t\t\t<\/div>\n\t\t\t\t<\/div>\n\t\t\t\t<div class=\"elementor-element elementor-element-1714e170 elementor-widget elementor-widget-heading\" data-id=\"1714e170\" data-element_type=\"widget\" data-e-type=\"widget\" data-widget_type=\"heading.default\">\n\t\t\t\t<div class=\"elementor-widget-container\">\n\t\t\t\t\t<h1 class=\"elementor-heading-title elementor-size-default\">Voc\u00ea precisa afiar suas ferramentas? Estou aqui para ajudar voc\u00ea.<\/h1>\t\t\t\t<\/div>\n\t\t\t\t<\/div>\n\t\t\t\t<div class=\"elementor-element elementor-element-347a963 elementor-widget elementor-widget-text-editor\" data-id=\"347a963\" data-element_type=\"widget\" data-e-type=\"widget\" data-widget_type=\"text-editor.default\">\n\t\t\t\t<div class=\"elementor-widget-container\">\n\t\t\t\t\t\t\t\t\t<p>Entre em contato comigo para tirar d\u00favidas, fazer or\u00e7amentos ou agendar seu servi\u00e7o.<\/p>\t\t\t\t\t\t\t\t<\/div>\n\t\t\t\t<\/div>\n\t\t\t\t\t<\/div>\n\t\t<\/div>\n\t\t\t\t\t<\/div>\n\t\t<\/section>\n\t\t\t\t\t<\/div>\n\t\t<\/div>\n\t\t\t\t\t<\/div>\n\t\t<\/section>\n\t\t<div class=\"elementor-element elementor-element-811b876 e-flex e-con-boxed e-con e-parent\" data-id=\"811b876\" data-element_type=\"container\" data-e-type=\"container\">\n\t\t\t\t\t<div class=\"e-con-inner\">\n\t\t\t\t<div class=\"elementor-element elementor-element-3938340 elementor-widget-divider--view-line elementor-widget elementor-widget-divider\" data-id=\"3938340\" data-element_type=\"widget\" data-e-type=\"widget\" data-widget_type=\"divider.default\">\n\t\t\t\t<div class=\"elementor-widget-container\">\n\t\t\t\t\t\t\t<div class=\"elementor-divider\">\n\t\t\t<span class=\"elementor-divider-separator\">\n\t\t\t\t\t\t<\/span>\n\t\t<\/div>\n\t\t\t\t\t\t<\/div>\n\t\t\t\t<\/div>\n\t\t\t\t\t<\/div>\n\t\t\t\t<\/div>\n\t\t<div class=\"elementor-element elementor-element-f67dd6d e-flex e-con-boxed e-con e-parent\" data-id=\"f67dd6d\" data-element_type=\"container\" data-e-type=\"container\">\n\t\t\t\t\t<div class=\"e-con-inner\">\n\t\t\t\t<div class=\"elementor-element elementor-element-752b718 elementor-widget elementor-widget-heading\" data-id=\"752b718\" data-element_type=\"widget\" data-e-type=\"widget\" data-widget_type=\"heading.default\">\n\t\t\t\t<div class=\"elementor-widget-container\">\n\t\t\t\t\t<h2 class=\"elementor-heading-title elementor-size-default\">Compromisso e Experi\u00eancia em Servi\u00e7os Profissionais de Afia\u00e7\u00e3o em Madrid<\/h2>\t\t\t\t<\/div>\n\t\t\t\t<\/div>\n\t\t\t\t\t<\/div>\n\t\t\t\t<\/div>\n\t\t<div class=\"elementor-element elementor-element-ae35679 e-flex e-con-boxed e-con e-parent\" data-id=\"ae35679\" data-element_type=\"container\" data-e-type=\"container\">\n\t\t\t\t\t<div class=\"e-con-inner\">\n\t\t\t\t<div class=\"elementor-element elementor-element-2aa78c4 elementor-widget elementor-widget-text-editor\" data-id=\"2aa78c4\" data-element_type=\"widget\" data-e-type=\"widget\" data-widget_type=\"text-editor.default\">\n\t\t\t\t<div class=\"elementor-widget-container\">\n\t\t\t\t\t\t\t\t\t<p>Na Lois Raposo, somos especializados em fornecer servi\u00e7os profissionais de afia\u00e7\u00e3o para uma ampla variedade de ferramentas de corte. Nosso compromisso \u00e9 fornecer solu\u00e7\u00f5es personalizadas e adaptadas \u00e0s necessidades espec\u00edficas de cada cliente, garantindo uma afia\u00e7\u00e3o precisa e de alta qualidade. Entre em contato conosco hoje mesmo e descubra como podemos ajudar voc\u00ea a manter suas ferramentas em \u00f3timas condi\u00e7\u00f5es.<\/p>\t\t\t\t\t\t\t\t<\/div>\n\t\t\t\t<\/div>\n\t\t\t\t\t<\/div>\n\t\t\t\t<\/div>\n\t\t<div class=\"elementor-element elementor-element-58acaf7 e-flex e-con-boxed e-con e-parent\" data-id=\"58acaf7\" data-element_type=\"container\" data-e-type=\"container\">\n\t\t\t\t\t<div class=\"e-con-inner\">\n\t\t\t\t<div class=\"elementor-element elementor-element-3f7f47b elementor-widget-divider--view-line elementor-widget elementor-widget-divider\" data-id=\"3f7f47b\" data-element_type=\"widget\" data-e-type=\"widget\" data-widget_type=\"divider.default\">\n\t\t\t\t<div class=\"elementor-widget-container\">\n\t\t\t\t\t\t\t<div class=\"elementor-divider\">\n\t\t\t<span class=\"elementor-divider-separator\">\n\t\t\t\t\t\t<\/span>\n\t\t<\/div>\n\t\t\t\t\t\t<\/div>\n\t\t\t\t<\/div>\n\t\t\t\t\t<\/div>\n\t\t\t\t<\/div>\n\t\t\t\t<section class=\"elementor-section elementor-top-section elementor-element elementor-element-5cc5a459 elementor-section-full_width elementor-section-height-default elementor-section-height-default\" data-id=\"5cc5a459\" data-element_type=\"section\" data-e-type=\"section\" data-settings=\"{&quot;background_background&quot;:&quot;classic&quot;}\">\n\t\t\t\t\t\t<div class=\"elementor-container elementor-column-gap-no\">\n\t\t\t\t\t<div class=\"elementor-column elementor-col-50 elementor-top-column elementor-element elementor-element-40a5b051\" data-id=\"40a5b051\" data-element_type=\"column\" data-e-type=\"column\" data-settings=\"{&quot;background_background&quot;:&quot;classic&quot;}\">\n\t\t\t<div class=\"elementor-widget-wrap elementor-element-populated\">\n\t\t\t\t\t\t<div class=\"elementor-element elementor-element-17e82c7f elementor-widget elementor-widget-heading\" data-id=\"17e82c7f\" data-element_type=\"widget\" data-e-type=\"widget\" data-widget_type=\"heading.default\">\n\t\t\t\t<div class=\"elementor-widget-container\">\n\t\t\t\t\t<p class=\"elementor-heading-title elementor-size-default\">Onde estou?<\/p>\t\t\t\t<\/div>\n\t\t\t\t<\/div>\n\t\t\t\t<div class=\"elementor-element elementor-element-2e7b4df3 elementor-widget elementor-widget-text-editor\" data-id=\"2e7b4df3\" data-element_type=\"widget\" data-e-type=\"widget\" data-widget_type=\"text-editor.default\">\n\t\t\t\t<div class=\"elementor-widget-container\">\n\t\t\t\t\t\t\t\t\t<div>\ud83d\udccd <b>Centro Cultural do Mercado de Ibiza<\/b><br \/>Rua Ibiza, 8, Mercado de Ibiza, Local 15<br \/>28009 Madri, Espanha<\/div>\t\t\t\t\t\t\t\t<\/div>\n\t\t\t\t<\/div>\n\t\t\t\t<div class=\"elementor-element elementor-element-2b76cfc3 elementor-align-center elementor-invisible elementor-widget elementor-widget-button\" data-id=\"2b76cfc3\" data-element_type=\"widget\" data-e-type=\"widget\" data-settings=\"{&quot;_animation&quot;:&quot;fadeInUp&quot;,&quot;_animation_delay&quot;:200}\" data-widget_type=\"button.default\">\n\t\t\t\t<div class=\"elementor-widget-container\">\n\t\t\t\t\t\t\t\t\t<div class=\"elementor-button-wrapper\">\n\t\t\t\t\t<a class=\"elementor-button elementor-button-link elementor-size-md\" href=\"#\">\n\t\t\t\t\t\t<span class=\"elementor-button-content-wrapper\">\n\t\t\t\t\t\t\t\t\t<span class=\"elementor-button-text\">Abrir no Google Maps<\/span>\n\t\t\t\t\t<\/span>\n\t\t\t\t\t<\/a>\n\t\t\t\t<\/div>\n\t\t\t\t\t\t\t\t<\/div>\n\t\t\t\t<\/div>\n\t\t\t\t\t<\/div>\n\t\t<\/div>\n\t\t\t\t<div class=\"elementor-column elementor-col-50 elementor-top-column elementor-element elementor-element-7c96a538\" data-id=\"7c96a538\" data-element_type=\"column\" data-e-type=\"column\" data-settings=\"{&quot;background_background&quot;:&quot;classic&quot;}\">\n\t\t\t<div class=\"elementor-widget-wrap elementor-element-populated\">\n\t\t\t\t\t\t<div class=\"elementor-element elementor-element-78306287 elementor-widget elementor-widget-heading\" data-id=\"78306287\" data-element_type=\"widget\" data-e-type=\"widget\" data-widget_type=\"heading.default\">\n\t\t\t\t<div class=\"elementor-widget-container\">\n\t\t\t\t\t<p class=\"elementor-heading-title elementor-size-default\">Entre em contato comigo diretamente<\/p>\t\t\t\t<\/div>\n\t\t\t\t<\/div>\n\t\t\t\t<div class=\"elementor-element elementor-element-2feb0a1a elementor-widget elementor-widget-text-editor\" data-id=\"2feb0a1a\" data-element_type=\"widget\" data-e-type=\"widget\" data-widget_type=\"text-editor.default\">\n\t\t\t\t<div class=\"elementor-widget-container\">\n\t\t\t\t\t\t\t\t\t<div>\ud83d\udcde Telefone \/ WhatsApp:<br \/>\ud83d\udcf2 +34 639 45 79 19<\/div><div>\ud83d\udce7 E-mail:<br \/>\ud83d\udce9 <a href=\"mailto:info@loisraposo.com\">info@loisraposo.com<\/a><\/div><div>\u00a0<\/div>\t\t\t\t\t\t\t\t<\/div>\n\t\t\t\t<\/div>\n\t\t\t\t\t<\/div>\n\t\t<\/div>\n\t\t\t\t\t<\/div>\n\t\t<\/section>\n\t\t<div class=\"elementor-element elementor-element-767271b e-flex e-con-boxed e-con e-parent\" data-id=\"767271b\" data-element_type=\"container\" data-e-type=\"container\">\n\t\t\t\t\t<div class=\"e-con-inner\">\n\t\t\t\t<div class=\"elementor-element elementor-element-1afbdce elementor-widget elementor-widget-heading\" data-id=\"1afbdce\" data-element_type=\"widget\" data-e-type=\"widget\" data-widget_type=\"heading.default\">\n\t\t\t\t<div class=\"elementor-widget-container\">\n\t\t\t\t\t<h2 class=\"elementor-heading-title elementor-size-default\">Procurando um amolador profissional em Madri? <\/h2>\t\t\t\t<\/div>\n\t\t\t\t<\/div>\n\t\t\t\t\t<\/div>\n\t\t\t\t<\/div>\n\t\t<div class=\"elementor-element elementor-element-4f68228 e-flex e-con-boxed e-con e-parent\" data-id=\"4f68228\" data-element_type=\"container\" data-e-type=\"container\">\n\t\t\t\t\t<div class=\"e-con-inner\">\n\t\t<div class=\"elementor-element elementor-element-2eb1716 e-con-full e-flex e-con e-child\" data-id=\"2eb1716\" data-element_type=\"container\" data-e-type=\"container\">\n\t\t\t\t<div class=\"elementor-element elementor-element-652212a elementor-widget elementor-widget-text-editor\" data-id=\"652212a\" data-element_type=\"widget\" data-e-type=\"widget\" data-widget_type=\"text-editor.default\">\n\t\t\t\t<div class=\"elementor-widget-container\">\n\t\t\t\t\t\t\t\t\t<p style=\"text-align: left;\">Na Lois Raposo, estamos comprometidos em oferecer solu\u00e7\u00f5es de afia\u00e7\u00e3o que atendam \u00e0s necessidades espec\u00edficas de suas ferramentas. Nossa equipe de especialistas est\u00e1 pronta para fornecer o suporte que voc\u00ea precisa e ajud\u00e1-lo a obter a m\u00e1xima precis\u00e3o em seus cortes. Entre em contato conosco hoje mesmo e descubra como podemos melhorar o desempenho de suas ferramentas por meio de nossos servi\u00e7os profissionais de afia\u00e7\u00e3o.<\/p><p style=\"text-align: left;\">Se voc\u00ea tiver alguma d\u00favida ou precisar de mais informa\u00e7\u00f5es sobre nossos servi\u00e7os, preencha o formul\u00e1rio de contato e responderemos em breve.<\/p>\t\t\t\t\t\t\t\t<\/div>\n\t\t\t\t<\/div>\n\t\t\t\t<\/div>\n\t\t<div class=\"elementor-element elementor-element-3ed7584 e-con-full e-flex e-con e-child\" data-id=\"3ed7584\" data-element_type=\"container\" data-e-type=\"container\">\n\t\t<div class=\"elementor-element elementor-element-69561d4 e-con-full e-flex e-con e-child\" data-id=\"69561d4\" data-element_type=\"container\" data-e-type=\"container\">\n\t\t\t\t<div class=\"elementor-element elementor-element-badbbb0 elementor-widget elementor-widget-image\" data-id=\"badbbb0\" data-element_type=\"widget\" data-e-type=\"widget\" data-widget_type=\"image.default\">\n\t\t\t\t<div class=\"elementor-widget-container\">\n\t\t\t\t\t\t\t\t\t\t\t\t\t\t\t<img fetchpriority=\"high\" decoding=\"async\" width=\"768\" height=\"449\" src=\"https:\/\/loisraposo.com\/wp-content\/uploads\/2025\/03\/cuchillo-japones-768x449.jpeg\" class=\"attachment-medium_large size-medium_large wp-image-554\" alt=\"\" srcset=\"https:\/\/loisraposo.com\/wp-content\/uploads\/2025\/03\/cuchillo-japones-768x449.jpeg 768w, https:\/\/loisraposo.com\/wp-content\/uploads\/2025\/03\/cuchillo-japones-300x175.jpeg 300w, https:\/\/loisraposo.com\/wp-content\/uploads\/2025\/03\/cuchillo-japones-1024x598.jpeg 1024w, https:\/\/loisraposo.com\/wp-content\/uploads\/2025\/03\/cuchillo-japones.jpeg 1121w\" sizes=\"(max-width: 768px) 100vw, 768px\" \/>\t\t\t\t\t\t\t\t\t\t\t\t\t\t\t<\/div>\n\t\t\t\t<\/div>\n\t\t\t\t<\/div>\n\t\t<div class=\"elementor-element elementor-element-2c4c590 e-con-full e-flex e-con e-child\" data-id=\"2c4c590\" data-element_type=\"container\" data-e-type=\"container\">\n\t\t\t\t<div class=\"elementor-element elementor-element-6e26a6a elementor-align-center elementor-widget elementor-widget-button\" data-id=\"6e26a6a\" data-element_type=\"widget\" data-e-type=\"widget\" data-widget_type=\"button.default\">\n\t\t\t\t<div class=\"elementor-widget-container\">\n\t\t\t\t\t\t\t\t\t<div class=\"elementor-button-wrapper\">\n\t\t\t\t\t<a class=\"elementor-button elementor-button-link elementor-size-sm\" href=\"\/pt\/servicios\/\">\n\t\t\t\t\t\t<span class=\"elementor-button-content-wrapper\">\n\t\t\t\t\t\t\t\t\t<span class=\"elementor-button-text\">Servi\u00e7os de afia\u00e7\u00e3o<\/span>\n\t\t\t\t\t<\/span>\n\t\t\t\t\t<\/a>\n\t\t\t\t<\/div>\n\t\t\t\t\t\t\t\t<\/div>\n\t\t\t\t<\/div>\n\t\t\t\t<\/div>\n\t\t\t\t<\/div>\n\t\t\t\t\t<\/div>\n\t\t\t\t<\/div>\n\t\t<div class=\"elementor-element elementor-element-3532b74 e-con-full e-flex e-con e-parent\" data-id=\"3532b74\" data-element_type=\"container\" data-e-type=\"container\" data-settings=\"{&quot;background_background&quot;:&quot;classic&quot;}\">\n\t\t\t\t<\/div>\n\t\t\t\t<\/div>","protected":false},"excerpt":{"rendered":"<p>Contacto &#8211; Lois Raposo, Afilador Profesional \u00bfNecesitas afilar tus herramientas? Estoy aqu\u00ed para ayudarte. Contacta conmigo para consultas, presupuestos o agendar tu servicio. Compromiso y Experiencia en Servicios de Afilado Profesional en Madrid En Lois Raposo, nos especializamos en ofrecer servicios de afilado profesional para una amplia variedad de herramientas de corte. Nuestro compromiso es [&hellip;]<\/p>","protected":false},"author":1,"featured_media":0,"parent":0,"menu_order":0,"comment_status":"closed","ping_status":"closed","template":"","meta":{"footnotes":""},"class_list":["post-61","page","type-page","status-publish","hentry"],"yoast_head":"<!-- This site is optimized with the Yoast SEO plugin v27.0 - https:\/\/yoast.com\/product\/yoast-seo-wordpress\/ -->\n<title>Contacta con Lois Raposo | Afilador Profesional en Madrid<\/title>\n<meta name=\"description\" content=\"\u00bfNecesitas un afilado preciso? Contacta con Lois Raposo, afilador profesional en Madrid. Consulta nuestros servicios y pide tu cita hoy mismo.\" \/>\n<meta name=\"robots\" content=\"index, follow, max-snippet:-1, max-image-preview:large, max-video-preview:-1\" \/>\n<link rel=\"canonical\" href=\"https:\/\/loisraposo.com\/pt\/contacto\/\" \/>\n<meta property=\"og:locale\" content=\"pt_PT\" \/>\n<meta property=\"og:type\" content=\"article\" \/>\n<meta property=\"og:title\" content=\"Contacta con Lois Raposo | Afilador Profesional en Madrid\" \/>\n<meta property=\"og:description\" content=\"\u00bfNecesitas un afilado preciso? Contacta con Lois Raposo, afilador profesional en Madrid. Consulta nuestros servicios y pide tu cita hoy mismo.\" \/>\n<meta property=\"og:url\" content=\"https:\/\/loisraposo.com\/pt\/contacto\/\" \/>\n<meta property=\"og:site_name\" content=\"Lois Raposo\" \/>\n<meta property=\"article:modified_time\" content=\"2026-02-25T11:05:33+00:00\" \/>\n<meta property=\"og:image\" content=\"https:\/\/loisraposo.com\/wp-content\/uploads\/2025\/03\/cuchillo-japones.jpeg\" \/>\n\t<meta property=\"og:image:width\" content=\"1121\" \/>\n\t<meta property=\"og:image:height\" content=\"655\" \/>\n\t<meta property=\"og:image:type\" content=\"image\/jpeg\" \/>\n<meta name=\"twitter:card\" content=\"summary_large_image\" \/>\n<meta name=\"twitter:label1\" content=\"Tempo estimado de leitura\" \/>\n\t<meta name=\"twitter:data1\" content=\"3 minutos\" \/>\n<script type=\"application\/ld+json\" class=\"yoast-schema-graph\">{\"@context\":\"https:\/\/schema.org\",\"@graph\":[{\"@type\":\"WebPage\",\"@id\":\"https:\/\/loisraposo.com\/contacto\/\",\"url\":\"https:\/\/loisraposo.com\/contacto\/\",\"name\":\"Contacta con Lois Raposo | Afilador Profesional en Madrid\",\"isPartOf\":{\"@id\":\"https:\/\/loisraposo.com\/#website\"},\"primaryImageOfPage\":{\"@id\":\"https:\/\/loisraposo.com\/contacto\/#primaryimage\"},\"image\":{\"@id\":\"https:\/\/loisraposo.com\/contacto\/#primaryimage\"},\"thumbnailUrl\":\"https:\/\/loisraposo.com\/wp-content\/uploads\/2025\/03\/cuchillo-japones-768x449.jpeg\",\"datePublished\":\"2025-03-04T10:02:30+00:00\",\"dateModified\":\"2026-02-25T11:05:33+00:00\",\"description\":\"\u00bfNecesitas un afilado preciso? Contacta con Lois Raposo, afilador profesional en Madrid. Consulta nuestros servicios y pide tu cita hoy mismo.\",\"breadcrumb\":{\"@id\":\"https:\/\/loisraposo.com\/contacto\/#breadcrumb\"},\"inLanguage\":\"pt-PT\",\"potentialAction\":[{\"@type\":\"ReadAction\",\"target\":[\"https:\/\/loisraposo.com\/contacto\/\"]}]},{\"@type\":\"ImageObject\",\"inLanguage\":\"pt-PT\",\"@id\":\"https:\/\/loisraposo.com\/contacto\/#primaryimage\",\"url\":\"https:\/\/loisraposo.com\/wp-content\/uploads\/2025\/03\/cuchillo-japones-768x449.jpeg\",\"contentUrl\":\"https:\/\/loisraposo.com\/wp-content\/uploads\/2025\/03\/cuchillo-japones-768x449.jpeg\"},{\"@type\":\"BreadcrumbList\",\"@id\":\"https:\/\/loisraposo.com\/contacto\/#breadcrumb\",\"itemListElement\":[{\"@type\":\"ListItem\",\"position\":1,\"name\":\"Portada\",\"item\":\"https:\/\/loisraposo.com\/\"},{\"@type\":\"ListItem\",\"position\":2,\"name\":\"Contacto\"}]},{\"@type\":\"WebSite\",\"@id\":\"https:\/\/loisraposo.com\/#website\",\"url\":\"https:\/\/loisraposo.com\/\",\"name\":\"Lois Raposo\",\"description\":\"Afilador Profesional en Madrid\",\"publisher\":{\"@id\":\"https:\/\/loisraposo.com\/#\/schema\/person\/7bb1a37182ed39c226c68c0ecde0c7ab\"},\"potentialAction\":[{\"@type\":\"SearchAction\",\"target\":{\"@type\":\"EntryPoint\",\"urlTemplate\":\"https:\/\/loisraposo.com\/?s={search_term_string}\"},\"query-input\":{\"@type\":\"PropertyValueSpecification\",\"valueRequired\":true,\"valueName\":\"search_term_string\"}}],\"inLanguage\":\"pt-PT\"},{\"@type\":[\"Person\",\"Organization\"],\"@id\":\"https:\/\/loisraposo.com\/#\/schema\/person\/7bb1a37182ed39c226c68c0ecde0c7ab\",\"name\":\"hazmarca\",\"image\":{\"@type\":\"ImageObject\",\"inLanguage\":\"pt-PT\",\"@id\":\"https:\/\/loisraposo.com\/#\/schema\/person\/image\/\",\"url\":\"https:\/\/loisraposo.com\/wp-content\/uploads\/2025\/03\/cropped-IMG-20211114-WA0041.jpg\",\"contentUrl\":\"https:\/\/loisraposo.com\/wp-content\/uploads\/2025\/03\/cropped-IMG-20211114-WA0041.jpg\",\"width\":1033,\"height\":295,\"caption\":\"hazmarca\"},\"logo\":{\"@id\":\"https:\/\/loisraposo.com\/#\/schema\/person\/image\/\"}}]}<\/script>\n<!-- \/ Yoast SEO plugin. -->","yoast_head_json":{"title":"Contacta con Lois Raposo | Afilador Profesional en Madrid","description":"\u00bfNecesitas un afilado preciso? Contacta con Lois Raposo, afilador profesional en Madrid. Consulta nuestros servicios y pide tu cita hoy mismo.","robots":{"index":"index","follow":"follow","max-snippet":"max-snippet:-1","max-image-preview":"max-image-preview:large","max-video-preview":"max-video-preview:-1"},"canonical":"https:\/\/loisraposo.com\/pt\/contacto\/","og_locale":"pt_PT","og_type":"article","og_title":"Contacta con Lois Raposo | Afilador Profesional en Madrid","og_description":"\u00bfNecesitas un afilado preciso? Contacta con Lois Raposo, afilador profesional en Madrid. Consulta nuestros servicios y pide tu cita hoy mismo.","og_url":"https:\/\/loisraposo.com\/pt\/contacto\/","og_site_name":"Lois Raposo","article_modified_time":"2026-02-25T11:05:33+00:00","og_image":[{"width":1121,"height":655,"url":"https:\/\/loisraposo.com\/wp-content\/uploads\/2025\/03\/cuchillo-japones.jpeg","type":"image\/jpeg"}],"twitter_card":"summary_large_image","twitter_misc":{"Tempo estimado de leitura":"3 minutos"},"schema":{"@context":"https:\/\/schema.org","@graph":[{"@type":"WebPage","@id":"https:\/\/loisraposo.com\/contacto\/","url":"https:\/\/loisraposo.com\/contacto\/","name":"Contacta con Lois Raposo | Afilador Profesional en Madrid","isPartOf":{"@id":"https:\/\/loisraposo.com\/#website"},"primaryImageOfPage":{"@id":"https:\/\/loisraposo.com\/contacto\/#primaryimage"},"image":{"@id":"https:\/\/loisraposo.com\/contacto\/#primaryimage"},"thumbnailUrl":"https:\/\/loisraposo.com\/wp-content\/uploads\/2025\/03\/cuchillo-japones-768x449.jpeg","datePublished":"2025-03-04T10:02:30+00:00","dateModified":"2026-02-25T11:05:33+00:00","description":"\u00bfNecesitas un afilado preciso? Contacta con Lois Raposo, afilador profesional en Madrid. Consulta nuestros servicios y pide tu cita hoy mismo.","breadcrumb":{"@id":"https:\/\/loisraposo.com\/contacto\/#breadcrumb"},"inLanguage":"pt-PT","potentialAction":[{"@type":"ReadAction","target":["https:\/\/loisraposo.com\/contacto\/"]}]},{"@type":"ImageObject","inLanguage":"pt-PT","@id":"https:\/\/loisraposo.com\/contacto\/#primaryimage","url":"https:\/\/loisraposo.com\/wp-content\/uploads\/2025\/03\/cuchillo-japones-768x449.jpeg","contentUrl":"https:\/\/loisraposo.com\/wp-content\/uploads\/2025\/03\/cuchillo-japones-768x449.jpeg"},{"@type":"BreadcrumbList","@id":"https:\/\/loisraposo.com\/contacto\/#breadcrumb","itemListElement":[{"@type":"ListItem","position":1,"name":"Portada","item":"https:\/\/loisraposo.com\/"},{"@type":"ListItem","position":2,"name":"Contacto"}]},{"@type":"WebSite","@id":"https:\/\/loisraposo.com\/#website","url":"https:\/\/loisraposo.com\/","name":"Lois Raposo","description":"Afilador Profesional en Madrid","publisher":{"@id":"https:\/\/loisraposo.com\/#\/schema\/person\/7bb1a37182ed39c226c68c0ecde0c7ab"},"potentialAction":[{"@type":"SearchAction","target":{"@type":"EntryPoint","urlTemplate":"https:\/\/loisraposo.com\/?s={search_term_string}"},"query-input":{"@type":"PropertyValueSpecification","valueRequired":true,"valueName":"search_term_string"}}],"inLanguage":"pt-PT"},{"@type":["Person","Organization"],"@id":"https:\/\/loisraposo.com\/#\/schema\/person\/7bb1a37182ed39c226c68c0ecde0c7ab","name":"hazmarca","image":{"@type":"ImageObject","inLanguage":"pt-PT","@id":"https:\/\/loisraposo.com\/#\/schema\/person\/image\/","url":"https:\/\/loisraposo.com\/wp-content\/uploads\/2025\/03\/cropped-IMG-20211114-WA0041.jpg","contentUrl":"https:\/\/loisraposo.com\/wp-content\/uploads\/2025\/03\/cropped-IMG-20211114-WA0041.jpg","width":1033,"height":295,"caption":"hazmarca"},"logo":{"@id":"https:\/\/loisraposo.com\/#\/schema\/person\/image\/"}}]}},"_links":{"self":[{"href":"https:\/\/loisraposo.com\/pt\/wp-json\/wp\/v2\/pages\/61","targetHints":{"allow":["GET"]}}],"collection":[{"href":"https:\/\/loisraposo.com\/pt\/wp-json\/wp\/v2\/pages"}],"about":[{"href":"https:\/\/loisraposo.com\/pt\/wp-json\/wp\/v2\/types\/page"}],"author":[{"embeddable":true,"href":"https:\/\/loisraposo.com\/pt\/wp-json\/wp\/v2\/users\/1"}],"replies":[{"embeddable":true,"href":"https:\/\/loisraposo.com\/pt\/wp-json\/wp\/v2\/comments?post=61"}],"version-history":[{"count":88,"href":"https:\/\/loisraposo.com\/pt\/wp-json\/wp\/v2\/pages\/61\/revisions"}],"predecessor-version":[{"id":1263,"href":"https:\/\/loisraposo.com\/pt\/wp-json\/wp\/v2\/pages\/61\/revisions\/1263"}],"wp:attachment":[{"href":"https:\/\/loisraposo.com\/pt\/wp-json\/wp\/v2\/media?parent=61"}],"curies":[{"name":"wp","href":"https:\/\/api.w.org\/{rel}","templated":true}]}}