{"id":1008,"date":"2025-04-03T10:51:57","date_gmt":"2025-04-03T10:51:57","guid":{"rendered":"https:\/\/loisraposo.com\/?page_id=1008"},"modified":"2025-04-03T10:51:58","modified_gmt":"2025-04-03T10:51:58","slug":"accesibilidad","status":"publish","type":"page","link":"https:\/\/loisraposo.com\/pt\/accesibilidad\/","title":{"rendered":"Acessibilidade"},"content":{"rendered":"<p>Lois Raposo Afiador, entidad privada comprometida con la accesibilidad, se ha comprometido a que su sitio web sea accesible, en cumplimiento del Real Decreto 1112\/2018, de 7 de septiembre, relativo a la accesibilidad de sitios web y aplicaciones para dispositivos m\u00f3viles del sector p\u00fablico.<br>La presente declaraci\u00f3n de accesibilidad se aplica al sitio web:<br><a href=\"https:\/\/grupodinac.com\/\">https:\/\/loisraposo.com\/<\/a><\/p>\n\n\n\n<h2 class=\"wp-block-heading\">Situaci\u00f3n de cumplimiento<\/h2>\n\n\n\n<p>Este sitio web cumple plenamente con lo establecido en el RD 1112\/2018.<\/p>\n\n\n\n<h2 class=\"wp-block-heading\">Preparaci\u00f3n para la siguiente declaraci\u00f3n de accesibilidad<\/h2>\n\n\n\n<p>La presente declaraci\u00f3n fue actualizada el 16 de enero de 2024.<br>El m\u00e9todo empleado ha sido una autoevaluaci\u00f3n realizada por el propio organismo.<\/p>\n\n\n\n<h2 class=\"wp-block-heading\">Observaciones y datos de contacto<\/h2>\n\n\n\n<p>Puede enviar comunicaciones sobre requisitos de accesibilidad (art\u00edculo 10.2.a del RD 1112\/2018), tales como:<\/p>\n\n\n\n<p>\u2022 Informar de cualquier posible incumplimiento en este sitio web.<br>\u2022 Notificar dificultades de acceso al contenido.<br>\u2022 Formular consultas o sugerencias de mejora relativas a la accesibilidad.<\/p>\n\n\n\n<p>Para ello, puede utilizar el correo de contacto (<a><a href=\"http:\/\/\/pt\/\">contacto@loisraposo.com<\/a><\/a>) o llamar al tel\u00e9fono 639457919.<br>Asimismo, puede presentar:<\/p>\n\n\n\n<p>\u2022 Quejas relativas al cumplimiento de los requisitos del RD 1112\/2018, o<br>\u2022 Solicitud de Informaci\u00f3n accesible relativa a:<br>-Contenidos que est\u00e1n excluidos del \u00e1mbito de aplicaci\u00f3n del RD 1112\/2018 seg\u00fan lo establecido por el art\u00edculo 3, apartado 4<br>-Contenidos que est\u00e1n exentos del cumplimiento de los requisitos de accesibilidad por imponer una carga desproporcionada<\/p>\n\n\n\n<p>En la Solicitud de informaci\u00f3n accesible, se debe concretar, con toda claridad, los hechos, razones y petici\u00f3n que permitan constatar que se trata de una solicitud razonable y leg\u00edtima.<\/p>\n\n\n\n<h2 class=\"wp-block-heading\">Contenido opcional<\/h2>\n\n\n\n<p>Para cambiar el tama\u00f1o del texto en los principales navegadores:<\/p>\n\n\n\n<p>\u2022&nbsp;<strong>Internet Explorer, Mozilla y Firefox:<\/strong>&nbsp;Ver &gt; Tama\u00f1o del texto<br><strong>\u2022 Opera:<\/strong>&nbsp;Ver &gt; Zoom<br><strong>\u2022 Safari:<\/strong>&nbsp;Ver &gt; Hacer el texto m\u00e1s grande<br><strong>\u2022 Chrome:<\/strong>&nbsp;Control de la p\u00e1gina &gt; Tama\u00f1o del texto<\/p>\n\n\n\n<p>Para modificar el tama\u00f1o general en la p\u00e1gina:<\/p>\n\n\n\n<p><code>\u2022 Ctrl + +<\/code>&nbsp;para aumentarlo<br><code>\u2022 Ctrl + -<\/code>&nbsp;para disminuirlo<br><code>\u2022 Ctrl + 0<\/code>&nbsp;para restaurar el tama\u00f1o original<\/p>\n\n\n\n<p>Si desea anular la hoja de estilos o cambiar el color del texto, consulte la p\u00e1gina How to Change Text Size or Colors de la WAI, disponible en espa\u00f1ol en \u00ab\u00bfC\u00f3mo cambiar el tama\u00f1o del texto o colores?\u00bb<\/p>","protected":false},"excerpt":{"rendered":"<p>Lois Raposo Afiador, entidad privada comprometida con la accesibilidad, se ha comprometido a que su sitio web sea accesible, en cumplimiento del Real Decreto 1112\/2018, de 7 de septiembre, relativo a la accesibilidad de sitios web y aplicaciones para dispositivos m\u00f3viles del sector p\u00fablico.La presente declaraci\u00f3n de accesibilidad se aplica al sitio web:https:\/\/loisraposo.com\/ Situaci\u00f3n de [&hellip;]<\/p>","protected":false},"author":2,"featured_media":0,"parent":0,"menu_order":0,"comment_status":"closed","ping_status":"closed","template":"","meta":{"footnotes":""},"class_list":["post-1008","page","type-page","status-publish","hentry"],"yoast_head":"<!-- This site is optimized with the Yoast SEO plugin v27.0 - https:\/\/yoast.com\/product\/yoast-seo-wordpress\/ -->\n<title>Accesibilidad - Lois Raposo<\/title>\n<meta name=\"robots\" content=\"noindex, nofollow\" \/>\n<meta property=\"og:locale\" content=\"pt_PT\" \/>\n<meta property=\"og:type\" content=\"article\" \/>\n<meta property=\"og:title\" content=\"Accesibilidad - Lois Raposo\" \/>\n<meta property=\"og:description\" content=\"Lois Raposo Afiador, entidad privada comprometida con la accesibilidad, se ha comprometido a que su sitio web sea accesible, en cumplimiento del Real Decreto 1112\/2018, de 7 de septiembre, relativo a la accesibilidad de sitios web y aplicaciones para dispositivos m\u00f3viles del sector p\u00fablico.La presente declaraci\u00f3n de accesibilidad se aplica al sitio web:https:\/\/loisraposo.com\/ Situaci\u00f3n de [&hellip;]\" \/>\n<meta property=\"og:url\" content=\"https:\/\/loisraposo.com\/pt\/accesibilidad\/\" \/>\n<meta property=\"og:site_name\" content=\"Lois Raposo\" \/>\n<meta property=\"article:modified_time\" content=\"2025-04-03T10:51:58+00:00\" \/>\n<meta name=\"twitter:card\" content=\"summary_large_image\" \/>\n<meta name=\"twitter:label1\" content=\"Tempo estimado de leitura\" \/>\n\t<meta name=\"twitter:data1\" content=\"2 minutos\" \/>\n<script type=\"application\/ld+json\" class=\"yoast-schema-graph\">{\"@context\":\"https:\/\/schema.org\",\"@graph\":[{\"@type\":\"WebPage\",\"@id\":\"https:\/\/loisraposo.com\/accesibilidad\/\",\"url\":\"https:\/\/loisraposo.com\/accesibilidad\/\",\"name\":\"Accesibilidad - Lois Raposo\",\"isPartOf\":{\"@id\":\"https:\/\/loisraposo.com\/#website\"},\"datePublished\":\"2025-04-03T10:51:57+00:00\",\"dateModified\":\"2025-04-03T10:51:58+00:00\",\"breadcrumb\":{\"@id\":\"https:\/\/loisraposo.com\/accesibilidad\/#breadcrumb\"},\"inLanguage\":\"pt-PT\",\"potentialAction\":[{\"@type\":\"ReadAction\",\"target\":[\"https:\/\/loisraposo.com\/accesibilidad\/\"]}]},{\"@type\":\"BreadcrumbList\",\"@id\":\"https:\/\/loisraposo.com\/accesibilidad\/#breadcrumb\",\"itemListElement\":[{\"@type\":\"ListItem\",\"position\":1,\"name\":\"Portada\",\"item\":\"https:\/\/loisraposo.com\/\"},{\"@type\":\"ListItem\",\"position\":2,\"name\":\"Accesibilidad\"}]},{\"@type\":\"WebSite\",\"@id\":\"https:\/\/loisraposo.com\/#website\",\"url\":\"https:\/\/loisraposo.com\/\",\"name\":\"Lois Raposo\",\"description\":\"Afilador Profesional en Madrid\",\"publisher\":{\"@id\":\"https:\/\/loisraposo.com\/#\/schema\/person\/7bb1a37182ed39c226c68c0ecde0c7ab\"},\"potentialAction\":[{\"@type\":\"SearchAction\",\"target\":{\"@type\":\"EntryPoint\",\"urlTemplate\":\"https:\/\/loisraposo.com\/?s={search_term_string}\"},\"query-input\":{\"@type\":\"PropertyValueSpecification\",\"valueRequired\":true,\"valueName\":\"search_term_string\"}}],\"inLanguage\":\"pt-PT\"},{\"@type\":[\"Person\",\"Organization\"],\"@id\":\"https:\/\/loisraposo.com\/#\/schema\/person\/7bb1a37182ed39c226c68c0ecde0c7ab\",\"name\":\"hazmarca\",\"image\":{\"@type\":\"ImageObject\",\"inLanguage\":\"pt-PT\",\"@id\":\"https:\/\/loisraposo.com\/#\/schema\/person\/image\/\",\"url\":\"https:\/\/loisraposo.com\/wp-content\/uploads\/2025\/03\/cropped-IMG-20211114-WA0041.jpg\",\"contentUrl\":\"https:\/\/loisraposo.com\/wp-content\/uploads\/2025\/03\/cropped-IMG-20211114-WA0041.jpg\",\"width\":1033,\"height\":295,\"caption\":\"hazmarca\"},\"logo\":{\"@id\":\"https:\/\/loisraposo.com\/#\/schema\/person\/image\/\"}}]}<\/script>\n<!-- \/ Yoast SEO plugin. -->","yoast_head_json":{"title":"Accesibilidad - Lois Raposo","robots":{"index":"noindex","follow":"nofollow"},"og_locale":"pt_PT","og_type":"article","og_title":"Accesibilidad - Lois Raposo","og_description":"Lois Raposo Afiador, entidad privada comprometida con la accesibilidad, se ha comprometido a que su sitio web sea accesible, en cumplimiento del Real Decreto 1112\/2018, de 7 de septiembre, relativo a la accesibilidad de sitios web y aplicaciones para dispositivos m\u00f3viles del sector p\u00fablico.La presente declaraci\u00f3n de accesibilidad se aplica al sitio web:https:\/\/loisraposo.com\/ Situaci\u00f3n de [&hellip;]","og_url":"https:\/\/loisraposo.com\/pt\/accesibilidad\/","og_site_name":"Lois Raposo","article_modified_time":"2025-04-03T10:51:58+00:00","twitter_card":"summary_large_image","twitter_misc":{"Tempo estimado de leitura":"2 minutos"},"schema":{"@context":"https:\/\/schema.org","@graph":[{"@type":"WebPage","@id":"https:\/\/loisraposo.com\/accesibilidad\/","url":"https:\/\/loisraposo.com\/accesibilidad\/","name":"Accesibilidad - Lois Raposo","isPartOf":{"@id":"https:\/\/loisraposo.com\/#website"},"datePublished":"2025-04-03T10:51:57+00:00","dateModified":"2025-04-03T10:51:58+00:00","breadcrumb":{"@id":"https:\/\/loisraposo.com\/accesibilidad\/#breadcrumb"},"inLanguage":"pt-PT","potentialAction":[{"@type":"ReadAction","target":["https:\/\/loisraposo.com\/accesibilidad\/"]}]},{"@type":"BreadcrumbList","@id":"https:\/\/loisraposo.com\/accesibilidad\/#breadcrumb","itemListElement":[{"@type":"ListItem","position":1,"name":"Portada","item":"https:\/\/loisraposo.com\/"},{"@type":"ListItem","position":2,"name":"Accesibilidad"}]},{"@type":"WebSite","@id":"https:\/\/loisraposo.com\/#website","url":"https:\/\/loisraposo.com\/","name":"Lois Raposo","description":"Afilador Profesional en Madrid","publisher":{"@id":"https:\/\/loisraposo.com\/#\/schema\/person\/7bb1a37182ed39c226c68c0ecde0c7ab"},"potentialAction":[{"@type":"SearchAction","target":{"@type":"EntryPoint","urlTemplate":"https:\/\/loisraposo.com\/?s={search_term_string}"},"query-input":{"@type":"PropertyValueSpecification","valueRequired":true,"valueName":"search_term_string"}}],"inLanguage":"pt-PT"},{"@type":["Person","Organization"],"@id":"https:\/\/loisraposo.com\/#\/schema\/person\/7bb1a37182ed39c226c68c0ecde0c7ab","name":"hazmarca","image":{"@type":"ImageObject","inLanguage":"pt-PT","@id":"https:\/\/loisraposo.com\/#\/schema\/person\/image\/","url":"https:\/\/loisraposo.com\/wp-content\/uploads\/2025\/03\/cropped-IMG-20211114-WA0041.jpg","contentUrl":"https:\/\/loisraposo.com\/wp-content\/uploads\/2025\/03\/cropped-IMG-20211114-WA0041.jpg","width":1033,"height":295,"caption":"hazmarca"},"logo":{"@id":"https:\/\/loisraposo.com\/#\/schema\/person\/image\/"}}]}},"_links":{"self":[{"href":"https:\/\/loisraposo.com\/pt\/wp-json\/wp\/v2\/pages\/1008","targetHints":{"allow":["GET"]}}],"collection":[{"href":"https:\/\/loisraposo.com\/pt\/wp-json\/wp\/v2\/pages"}],"about":[{"href":"https:\/\/loisraposo.com\/pt\/wp-json\/wp\/v2\/types\/page"}],"author":[{"embeddable":true,"href":"https:\/\/loisraposo.com\/pt\/wp-json\/wp\/v2\/users\/2"}],"replies":[{"embeddable":true,"href":"https:\/\/loisraposo.com\/pt\/wp-json\/wp\/v2\/comments?post=1008"}],"version-history":[{"count":1,"href":"https:\/\/loisraposo.com\/pt\/wp-json\/wp\/v2\/pages\/1008\/revisions"}],"predecessor-version":[{"id":1010,"href":"https:\/\/loisraposo.com\/pt\/wp-json\/wp\/v2\/pages\/1008\/revisions\/1010"}],"wp:attachment":[{"href":"https:\/\/loisraposo.com\/pt\/wp-json\/wp\/v2\/media?parent=1008"}],"curies":[{"name":"wp","href":"https:\/\/api.w.org\/{rel}","templated":true}]}}