{"id":920,"date":"2025-03-28T13:01:45","date_gmt":"2025-03-28T13:01:45","guid":{"rendered":"https:\/\/loisraposo.com\/?page_id=920"},"modified":"2025-04-03T10:58:50","modified_gmt":"2025-04-03T10:58:50","slug":"politica-de-cookies","status":"publish","type":"page","link":"https:\/\/loisraposo.com\/en\/politica-de-cookies\/","title":{"rendered":"Cookie Policy"},"content":{"rendered":"<h5 class=\"wp-block-heading\">What are cookies?<\/h5>\n\n\n\n<p>This Cookie Policy explains what cookies are, how we use them, what types we use, what information we collect and how we use it, and how you can manage your preferences.<\/p>\n\n\n\n<p>Cookies are small text files that store bits of information. They are stored on your device when you visit our website. These cookies help us make the site function properly, be more secure, provide a better user experience, and allow us to analyze its performance for continuous improvements.<\/p>\n\n\n\n<h5 class=\"wp-block-heading\">How do we use cookies?<\/h5>\n\n\n\n<p>Like many online services, our website uses its own and third-party cookies for various purposes. Our own cookies are essential for the proper functioning of the site and do not collect personally identifiable information.<\/p>\n\n\n\n<p>Third-party cookies allow us to understand how the site behaves, how you interact with it, keep our services secure, show you relevant ads, and generally offer you a better experience and speed up your future visits.<\/p>\n\n\n\n<h5 class=\"wp-block-heading\">Use of cookies<\/h5>\n\n\n\n<h5 class=\"wp-block-heading\">Manage cookie preferences<\/h5>\n\n\n\n<p><a>Cookie settings<\/a><\/p>\n\n\n\n<p>You can change your cookie preferences at any time by clicking the button above. This will allow you to see the consent banner again and modify your choices or withdraw your consent immediately.<\/p>\n\n\n\n<p>Additionally, each browser offers different ways to block or delete cookies used by websites. Below are links to instructions for the most common browsers:<\/p>\n\n\n\n<p>Chrome: <a target=\"_blank\" href=\"https:\/\/support.google.com\/accounts\/answer\/32050\" rel=\"noreferrer noopener\">https:\/\/support.google.com\/accounts\/answer\/32050<\/a><\/p>\n\n\n\n<p>Safari: <a target=\"_blank\" href=\"https:\/\/support.apple.com\/en-in\/guide\/safari\/sfri11471\/mac\" rel=\"noreferrer noopener\">https:\/\/support.apple.com\/en-in\/guide\/safari\/sfri11471\/mac<\/a><\/p>\n\n\n\n<p>Firefox: <a target=\"_blank\" href=\"https:\/\/support.mozilla.org\/en-US\/kb\/clear-cookies-and-site-data-firefox?redirectslug=delete-cookies-remove-info-websites-stored&amp;redirectlocale=en-US\" rel=\"noreferrer noopener\">https:\/\/support.mozilla.org\/en-US\/kb\/clear-cookies-and-site-data-firefox<\/a><\/p>\n\n\n\n<p>Internet Explorer: <a target=\"_blank\" href=\"https:\/\/support.microsoft.com\/en-us\/topic\/how-to-delete-cookie-files-in-internet-explorer-bca9446f-d873-78de-77ba-d42645fa52fc\" rel=\"noreferrer noopener\">https:\/\/support.microsoft.com\/en-us\/topic\/how-to-delete-cookie-files-in-internet-explorer<\/a><\/p>\n\n\n\n<p>If you&#039;re using another browser, please refer to that browser&#039;s official support documentation.<\/p>\n\n\n\n<p>Cookie policy generated with <a target=\"_blank\" href=\"https:\/\/www.cookieyes.com\/?utm_source=CP&amp;utm_medium=footer&amp;utm_campaign=UW\" rel=\"noreferrer noopener\">CookieYes \u2013 Cookie Policy Generator<\/a>.<\/p>","protected":false},"excerpt":{"rendered":"<p>\u00bfQu\u00e9 son las cookies? Esta Pol\u00edtica de Cookies explica qu\u00e9 son las cookies, c\u00f3mo las utilizamos, qu\u00e9 tipos usamos, qu\u00e9 informaci\u00f3n recopilamos y c\u00f3mo la usamos, adem\u00e1s de c\u00f3mo puedes gestionar tus preferencias. Las cookies son peque\u00f1os archivos de texto que almacenan fragmentos de informaci\u00f3n. Se guardan en tu dispositivo cuando visitas nuestra web. Estas [&hellip;]<\/p>","protected":false},"author":1,"featured_media":0,"parent":0,"menu_order":0,"comment_status":"closed","ping_status":"closed","template":"","meta":{"footnotes":""},"class_list":["post-920","page","type-page","status-publish","hentry"],"yoast_head":"<!-- This site is optimized with the Yoast SEO plugin v27.0 - https:\/\/yoast.com\/product\/yoast-seo-wordpress\/ -->\n<title>Pol\u00edtica de Cookies - Lois Raposo<\/title>\n<meta name=\"robots\" content=\"noindex, nofollow\" \/>\n<meta property=\"og:locale\" content=\"en_GB\" \/>\n<meta property=\"og:type\" content=\"article\" \/>\n<meta property=\"og:title\" content=\"Pol\u00edtica de Cookies - Lois Raposo\" \/>\n<meta property=\"og:description\" content=\"\u00bfQu\u00e9 son las cookies? Esta Pol\u00edtica de Cookies explica qu\u00e9 son las cookies, c\u00f3mo las utilizamos, qu\u00e9 tipos usamos, qu\u00e9 informaci\u00f3n recopilamos y c\u00f3mo la usamos, adem\u00e1s de c\u00f3mo puedes gestionar tus preferencias. Las cookies son peque\u00f1os archivos de texto que almacenan fragmentos de informaci\u00f3n. Se guardan en tu dispositivo cuando visitas nuestra web. Estas [&hellip;]\" \/>\n<meta property=\"og:url\" content=\"https:\/\/loisraposo.com\/en\/politica-de-cookies\/\" \/>\n<meta property=\"og:site_name\" content=\"Lois Raposo\" \/>\n<meta property=\"article:modified_time\" content=\"2025-04-03T10:58:50+00:00\" \/>\n<meta name=\"twitter:card\" content=\"summary_large_image\" \/>\n<meta name=\"twitter:label1\" content=\"Estimated reading time\" \/>\n\t<meta name=\"twitter:data1\" content=\"2 minutes\" \/>\n<script type=\"application\/ld+json\" class=\"yoast-schema-graph\">{\"@context\":\"https:\/\/schema.org\",\"@graph\":[{\"@type\":\"WebPage\",\"@id\":\"https:\/\/loisraposo.com\/politica-de-cookies\/\",\"url\":\"https:\/\/loisraposo.com\/politica-de-cookies\/\",\"name\":\"Pol\u00edtica de Cookies - Lois Raposo\",\"isPartOf\":{\"@id\":\"https:\/\/loisraposo.com\/#website\"},\"datePublished\":\"2025-03-28T13:01:45+00:00\",\"dateModified\":\"2025-04-03T10:58:50+00:00\",\"breadcrumb\":{\"@id\":\"https:\/\/loisraposo.com\/politica-de-cookies\/#breadcrumb\"},\"inLanguage\":\"en-GB\",\"potentialAction\":[{\"@type\":\"ReadAction\",\"target\":[\"https:\/\/loisraposo.com\/politica-de-cookies\/\"]}]},{\"@type\":\"BreadcrumbList\",\"@id\":\"https:\/\/loisraposo.com\/politica-de-cookies\/#breadcrumb\",\"itemListElement\":[{\"@type\":\"ListItem\",\"position\":1,\"name\":\"Portada\",\"item\":\"https:\/\/loisraposo.com\/\"},{\"@type\":\"ListItem\",\"position\":2,\"name\":\"Pol\u00edtica de Cookies\"}]},{\"@type\":\"WebSite\",\"@id\":\"https:\/\/loisraposo.com\/#website\",\"url\":\"https:\/\/loisraposo.com\/\",\"name\":\"Lois Raposo\",\"description\":\"Afilador Profesional en Madrid\",\"publisher\":{\"@id\":\"https:\/\/loisraposo.com\/#\/schema\/person\/7bb1a37182ed39c226c68c0ecde0c7ab\"},\"potentialAction\":[{\"@type\":\"SearchAction\",\"target\":{\"@type\":\"EntryPoint\",\"urlTemplate\":\"https:\/\/loisraposo.com\/?s={search_term_string}\"},\"query-input\":{\"@type\":\"PropertyValueSpecification\",\"valueRequired\":true,\"valueName\":\"search_term_string\"}}],\"inLanguage\":\"en-GB\"},{\"@type\":[\"Person\",\"Organization\"],\"@id\":\"https:\/\/loisraposo.com\/#\/schema\/person\/7bb1a37182ed39c226c68c0ecde0c7ab\",\"name\":\"hazmarca\",\"image\":{\"@type\":\"ImageObject\",\"inLanguage\":\"en-GB\",\"@id\":\"https:\/\/loisraposo.com\/#\/schema\/person\/image\/\",\"url\":\"https:\/\/loisraposo.com\/wp-content\/uploads\/2025\/03\/cropped-IMG-20211114-WA0041.jpg\",\"contentUrl\":\"https:\/\/loisraposo.com\/wp-content\/uploads\/2025\/03\/cropped-IMG-20211114-WA0041.jpg\",\"width\":1033,\"height\":295,\"caption\":\"hazmarca\"},\"logo\":{\"@id\":\"https:\/\/loisraposo.com\/#\/schema\/person\/image\/\"}}]}<\/script>\n<!-- \/ Yoast SEO plugin. -->","yoast_head_json":{"title":"Pol\u00edtica de Cookies - Lois Raposo","robots":{"index":"noindex","follow":"nofollow"},"og_locale":"en_GB","og_type":"article","og_title":"Pol\u00edtica de Cookies - Lois Raposo","og_description":"\u00bfQu\u00e9 son las cookies? Esta Pol\u00edtica de Cookies explica qu\u00e9 son las cookies, c\u00f3mo las utilizamos, qu\u00e9 tipos usamos, qu\u00e9 informaci\u00f3n recopilamos y c\u00f3mo la usamos, adem\u00e1s de c\u00f3mo puedes gestionar tus preferencias. Las cookies son peque\u00f1os archivos de texto que almacenan fragmentos de informaci\u00f3n. Se guardan en tu dispositivo cuando visitas nuestra web. Estas [&hellip;]","og_url":"https:\/\/loisraposo.com\/en\/politica-de-cookies\/","og_site_name":"Lois Raposo","article_modified_time":"2025-04-03T10:58:50+00:00","twitter_card":"summary_large_image","twitter_misc":{"Estimated reading time":"2 minutes"},"schema":{"@context":"https:\/\/schema.org","@graph":[{"@type":"WebPage","@id":"https:\/\/loisraposo.com\/politica-de-cookies\/","url":"https:\/\/loisraposo.com\/politica-de-cookies\/","name":"Pol\u00edtica de Cookies - Lois Raposo","isPartOf":{"@id":"https:\/\/loisraposo.com\/#website"},"datePublished":"2025-03-28T13:01:45+00:00","dateModified":"2025-04-03T10:58:50+00:00","breadcrumb":{"@id":"https:\/\/loisraposo.com\/politica-de-cookies\/#breadcrumb"},"inLanguage":"en-GB","potentialAction":[{"@type":"ReadAction","target":["https:\/\/loisraposo.com\/politica-de-cookies\/"]}]},{"@type":"BreadcrumbList","@id":"https:\/\/loisraposo.com\/politica-de-cookies\/#breadcrumb","itemListElement":[{"@type":"ListItem","position":1,"name":"Portada","item":"https:\/\/loisraposo.com\/"},{"@type":"ListItem","position":2,"name":"Pol\u00edtica de Cookies"}]},{"@type":"WebSite","@id":"https:\/\/loisraposo.com\/#website","url":"https:\/\/loisraposo.com\/","name":"Lois Raposo","description":"Afilador Profesional en Madrid","publisher":{"@id":"https:\/\/loisraposo.com\/#\/schema\/person\/7bb1a37182ed39c226c68c0ecde0c7ab"},"potentialAction":[{"@type":"SearchAction","target":{"@type":"EntryPoint","urlTemplate":"https:\/\/loisraposo.com\/?s={search_term_string}"},"query-input":{"@type":"PropertyValueSpecification","valueRequired":true,"valueName":"search_term_string"}}],"inLanguage":"en-GB"},{"@type":["Person","Organization"],"@id":"https:\/\/loisraposo.com\/#\/schema\/person\/7bb1a37182ed39c226c68c0ecde0c7ab","name":"hazmarca","image":{"@type":"ImageObject","inLanguage":"en-GB","@id":"https:\/\/loisraposo.com\/#\/schema\/person\/image\/","url":"https:\/\/loisraposo.com\/wp-content\/uploads\/2025\/03\/cropped-IMG-20211114-WA0041.jpg","contentUrl":"https:\/\/loisraposo.com\/wp-content\/uploads\/2025\/03\/cropped-IMG-20211114-WA0041.jpg","width":1033,"height":295,"caption":"hazmarca"},"logo":{"@id":"https:\/\/loisraposo.com\/#\/schema\/person\/image\/"}}]}},"_links":{"self":[{"href":"https:\/\/loisraposo.com\/en\/wp-json\/wp\/v2\/pages\/920","targetHints":{"allow":["GET"]}}],"collection":[{"href":"https:\/\/loisraposo.com\/en\/wp-json\/wp\/v2\/pages"}],"about":[{"href":"https:\/\/loisraposo.com\/en\/wp-json\/wp\/v2\/types\/page"}],"author":[{"embeddable":true,"href":"https:\/\/loisraposo.com\/en\/wp-json\/wp\/v2\/users\/1"}],"replies":[{"embeddable":true,"href":"https:\/\/loisraposo.com\/en\/wp-json\/wp\/v2\/comments?post=920"}],"version-history":[{"count":2,"href":"https:\/\/loisraposo.com\/en\/wp-json\/wp\/v2\/pages\/920\/revisions"}],"predecessor-version":[{"id":923,"href":"https:\/\/loisraposo.com\/en\/wp-json\/wp\/v2\/pages\/920\/revisions\/923"}],"wp:attachment":[{"href":"https:\/\/loisraposo.com\/en\/wp-json\/wp\/v2\/media?parent=920"}],"curies":[{"name":"wp","href":"https:\/\/api.w.org\/{rel}","templated":true}]}}