{"id":1008,"date":"2025-04-03T10:51:57","date_gmt":"2025-04-03T10:51:57","guid":{"rendered":"https:\/\/loisraposo.com\/?page_id=1008"},"modified":"2025-04-03T10:51:58","modified_gmt":"2025-04-03T10:51:58","slug":"accesibilidad","status":"publish","type":"page","link":"https:\/\/loisraposo.com\/en\/accesibilidad\/","title":{"rendered":"Accessibility"},"content":{"rendered":"<p>Lois Raposo Afiador, a private entity committed to accessibility, has pledged to make its website accessible, in compliance with Royal Decree 1112\/2018, of September 7, regarding the accessibility of websites and mobile applications in the public sector.<br>This accessibility statement applies to the website:<br><a href=\"https:\/\/grupodinac.com\/\">https:\/\/loisraposo.com\/<\/a><\/p>\n\n\n\n<h2 class=\"wp-block-heading\">Compliance status<\/h2>\n\n\n\n<p>This website fully complies with the provisions of Royal Decree 1112\/2018.<\/p>\n\n\n\n<h2 class=\"wp-block-heading\">Preparing for the next accessibility statement<\/h2>\n\n\n\n<p>This statement was updated on January 16, 2024.<br>The method used was a self-assessment carried out by the organization itself.<\/p>\n\n\n\n<h2 class=\"wp-block-heading\">Comments and contact information<\/h2>\n\n\n\n<p>You can send communications about accessibility requirements (article 10.2.a of RD 1112\/2018), such as:<\/p>\n\n\n\n<p>\u2022 Report any potential non-compliance on this website.<br>\u2022 Report difficulties accessing content.<br>\u2022 Formulate queries or suggestions for improvements related to accessibility.<\/p>\n\n\n\n<p>To do this, you can use the contact email (<a><a href=\"http:\/\/\/en\/\">contacto@loisraposo.com<\/a><\/a>) or call 639457919.<br>Likewise, you can present:<\/p>\n\n\n\n<p>\u2022 Complaints regarding compliance with the requirements of RD 1112\/2018, or<br>\u2022 Request for accessible information regarding:<br>-Contents that are excluded from the scope of RD 1112\/2018 as established by article 3, section 4<br>-Content that is exempt from compliance with accessibility requirements because it imposes a disproportionate burden<\/p>\n\n\n\n<p>In the Request for Accessible Information, the facts, reasons, and request must be clearly stated to demonstrate that it is a reasonable and legitimate request.<\/p>\n\n\n\n<h2 class=\"wp-block-heading\">Optional content<\/h2>\n\n\n\n<p>To change the text size in major browsers:<\/p>\n\n\n\n<p>\u2022&nbsp;<strong>Internet Explorer, Mozilla and Firefox:<\/strong>&nbsp;View &gt; Text Size<br><strong>\u2022 Opera:<\/strong>&nbsp;View &gt; Zoom<br><strong>\u2022 Safari:<\/strong>&nbsp;View &gt; Make Text Larger<br><strong>\u2022 Chrome:<\/strong>&nbsp;Page Control &gt; Text Size<\/p>\n\n\n\n<p>To change the overall size on the page:<\/p>\n\n\n\n<p><code>\u2022 Ctrl + +<\/code>&nbsp;to increase it<br><code>\u2022 Ctrl + -<\/code>&nbsp;to reduce it<br><code>\u2022 Ctrl + 0<\/code>&nbsp;to restore the original size<\/p>\n\n\n\n<p>If you want to override the style sheet or change the text color, see the WAI&#039;s How to Change Text Size or Colors page.<\/p>","protected":false},"excerpt":{"rendered":"<p>Lois Raposo Afiador, entidad privada comprometida con la accesibilidad, se ha comprometido a que su sitio web sea accesible, en cumplimiento del Real Decreto 1112\/2018, de 7 de septiembre, relativo a la accesibilidad de sitios web y aplicaciones para dispositivos m\u00f3viles del sector p\u00fablico.La presente declaraci\u00f3n de accesibilidad se aplica al sitio web:https:\/\/loisraposo.com\/ Situaci\u00f3n de [&hellip;]<\/p>","protected":false},"author":2,"featured_media":0,"parent":0,"menu_order":0,"comment_status":"closed","ping_status":"closed","template":"","meta":{"footnotes":""},"class_list":["post-1008","page","type-page","status-publish","hentry"],"yoast_head":"<!-- This site is optimized with the Yoast SEO plugin v27.0 - https:\/\/yoast.com\/product\/yoast-seo-wordpress\/ -->\n<title>Accesibilidad - Lois Raposo<\/title>\n<meta name=\"robots\" content=\"noindex, nofollow\" \/>\n<meta property=\"og:locale\" content=\"en_GB\" \/>\n<meta property=\"og:type\" content=\"article\" \/>\n<meta property=\"og:title\" content=\"Accesibilidad - Lois Raposo\" \/>\n<meta property=\"og:description\" content=\"Lois Raposo Afiador, entidad privada comprometida con la accesibilidad, se ha comprometido a que su sitio web sea accesible, en cumplimiento del Real Decreto 1112\/2018, de 7 de septiembre, relativo a la accesibilidad de sitios web y aplicaciones para dispositivos m\u00f3viles del sector p\u00fablico.La presente declaraci\u00f3n de accesibilidad se aplica al sitio web:https:\/\/loisraposo.com\/ Situaci\u00f3n de [&hellip;]\" \/>\n<meta property=\"og:url\" content=\"https:\/\/loisraposo.com\/en\/accesibilidad\/\" \/>\n<meta property=\"og:site_name\" content=\"Lois Raposo\" \/>\n<meta property=\"article:modified_time\" content=\"2025-04-03T10:51:58+00:00\" \/>\n<meta name=\"twitter:card\" content=\"summary_large_image\" \/>\n<meta name=\"twitter:label1\" content=\"Estimated reading time\" \/>\n\t<meta name=\"twitter:data1\" content=\"2 minutes\" \/>\n<script type=\"application\/ld+json\" class=\"yoast-schema-graph\">{\"@context\":\"https:\/\/schema.org\",\"@graph\":[{\"@type\":\"WebPage\",\"@id\":\"https:\/\/loisraposo.com\/accesibilidad\/\",\"url\":\"https:\/\/loisraposo.com\/accesibilidad\/\",\"name\":\"Accesibilidad - Lois Raposo\",\"isPartOf\":{\"@id\":\"https:\/\/loisraposo.com\/#website\"},\"datePublished\":\"2025-04-03T10:51:57+00:00\",\"dateModified\":\"2025-04-03T10:51:58+00:00\",\"breadcrumb\":{\"@id\":\"https:\/\/loisraposo.com\/accesibilidad\/#breadcrumb\"},\"inLanguage\":\"en-GB\",\"potentialAction\":[{\"@type\":\"ReadAction\",\"target\":[\"https:\/\/loisraposo.com\/accesibilidad\/\"]}]},{\"@type\":\"BreadcrumbList\",\"@id\":\"https:\/\/loisraposo.com\/accesibilidad\/#breadcrumb\",\"itemListElement\":[{\"@type\":\"ListItem\",\"position\":1,\"name\":\"Portada\",\"item\":\"https:\/\/loisraposo.com\/\"},{\"@type\":\"ListItem\",\"position\":2,\"name\":\"Accesibilidad\"}]},{\"@type\":\"WebSite\",\"@id\":\"https:\/\/loisraposo.com\/#website\",\"url\":\"https:\/\/loisraposo.com\/\",\"name\":\"Lois Raposo\",\"description\":\"Afilador Profesional en Madrid\",\"publisher\":{\"@id\":\"https:\/\/loisraposo.com\/#\/schema\/person\/7bb1a37182ed39c226c68c0ecde0c7ab\"},\"potentialAction\":[{\"@type\":\"SearchAction\",\"target\":{\"@type\":\"EntryPoint\",\"urlTemplate\":\"https:\/\/loisraposo.com\/?s={search_term_string}\"},\"query-input\":{\"@type\":\"PropertyValueSpecification\",\"valueRequired\":true,\"valueName\":\"search_term_string\"}}],\"inLanguage\":\"en-GB\"},{\"@type\":[\"Person\",\"Organization\"],\"@id\":\"https:\/\/loisraposo.com\/#\/schema\/person\/7bb1a37182ed39c226c68c0ecde0c7ab\",\"name\":\"hazmarca\",\"image\":{\"@type\":\"ImageObject\",\"inLanguage\":\"en-GB\",\"@id\":\"https:\/\/loisraposo.com\/#\/schema\/person\/image\/\",\"url\":\"https:\/\/loisraposo.com\/wp-content\/uploads\/2025\/03\/cropped-IMG-20211114-WA0041.jpg\",\"contentUrl\":\"https:\/\/loisraposo.com\/wp-content\/uploads\/2025\/03\/cropped-IMG-20211114-WA0041.jpg\",\"width\":1033,\"height\":295,\"caption\":\"hazmarca\"},\"logo\":{\"@id\":\"https:\/\/loisraposo.com\/#\/schema\/person\/image\/\"}}]}<\/script>\n<!-- \/ Yoast SEO plugin. -->","yoast_head_json":{"title":"Accesibilidad - Lois Raposo","robots":{"index":"noindex","follow":"nofollow"},"og_locale":"en_GB","og_type":"article","og_title":"Accesibilidad - Lois Raposo","og_description":"Lois Raposo Afiador, entidad privada comprometida con la accesibilidad, se ha comprometido a que su sitio web sea accesible, en cumplimiento del Real Decreto 1112\/2018, de 7 de septiembre, relativo a la accesibilidad de sitios web y aplicaciones para dispositivos m\u00f3viles del sector p\u00fablico.La presente declaraci\u00f3n de accesibilidad se aplica al sitio web:https:\/\/loisraposo.com\/ Situaci\u00f3n de [&hellip;]","og_url":"https:\/\/loisraposo.com\/en\/accesibilidad\/","og_site_name":"Lois Raposo","article_modified_time":"2025-04-03T10:51:58+00:00","twitter_card":"summary_large_image","twitter_misc":{"Estimated reading time":"2 minutes"},"schema":{"@context":"https:\/\/schema.org","@graph":[{"@type":"WebPage","@id":"https:\/\/loisraposo.com\/accesibilidad\/","url":"https:\/\/loisraposo.com\/accesibilidad\/","name":"Accesibilidad - Lois Raposo","isPartOf":{"@id":"https:\/\/loisraposo.com\/#website"},"datePublished":"2025-04-03T10:51:57+00:00","dateModified":"2025-04-03T10:51:58+00:00","breadcrumb":{"@id":"https:\/\/loisraposo.com\/accesibilidad\/#breadcrumb"},"inLanguage":"en-GB","potentialAction":[{"@type":"ReadAction","target":["https:\/\/loisraposo.com\/accesibilidad\/"]}]},{"@type":"BreadcrumbList","@id":"https:\/\/loisraposo.com\/accesibilidad\/#breadcrumb","itemListElement":[{"@type":"ListItem","position":1,"name":"Portada","item":"https:\/\/loisraposo.com\/"},{"@type":"ListItem","position":2,"name":"Accesibilidad"}]},{"@type":"WebSite","@id":"https:\/\/loisraposo.com\/#website","url":"https:\/\/loisraposo.com\/","name":"Lois Raposo","description":"Afilador Profesional en Madrid","publisher":{"@id":"https:\/\/loisraposo.com\/#\/schema\/person\/7bb1a37182ed39c226c68c0ecde0c7ab"},"potentialAction":[{"@type":"SearchAction","target":{"@type":"EntryPoint","urlTemplate":"https:\/\/loisraposo.com\/?s={search_term_string}"},"query-input":{"@type":"PropertyValueSpecification","valueRequired":true,"valueName":"search_term_string"}}],"inLanguage":"en-GB"},{"@type":["Person","Organization"],"@id":"https:\/\/loisraposo.com\/#\/schema\/person\/7bb1a37182ed39c226c68c0ecde0c7ab","name":"hazmarca","image":{"@type":"ImageObject","inLanguage":"en-GB","@id":"https:\/\/loisraposo.com\/#\/schema\/person\/image\/","url":"https:\/\/loisraposo.com\/wp-content\/uploads\/2025\/03\/cropped-IMG-20211114-WA0041.jpg","contentUrl":"https:\/\/loisraposo.com\/wp-content\/uploads\/2025\/03\/cropped-IMG-20211114-WA0041.jpg","width":1033,"height":295,"caption":"hazmarca"},"logo":{"@id":"https:\/\/loisraposo.com\/#\/schema\/person\/image\/"}}]}},"_links":{"self":[{"href":"https:\/\/loisraposo.com\/en\/wp-json\/wp\/v2\/pages\/1008","targetHints":{"allow":["GET"]}}],"collection":[{"href":"https:\/\/loisraposo.com\/en\/wp-json\/wp\/v2\/pages"}],"about":[{"href":"https:\/\/loisraposo.com\/en\/wp-json\/wp\/v2\/types\/page"}],"author":[{"embeddable":true,"href":"https:\/\/loisraposo.com\/en\/wp-json\/wp\/v2\/users\/2"}],"replies":[{"embeddable":true,"href":"https:\/\/loisraposo.com\/en\/wp-json\/wp\/v2\/comments?post=1008"}],"version-history":[{"count":1,"href":"https:\/\/loisraposo.com\/en\/wp-json\/wp\/v2\/pages\/1008\/revisions"}],"predecessor-version":[{"id":1010,"href":"https:\/\/loisraposo.com\/en\/wp-json\/wp\/v2\/pages\/1008\/revisions\/1010"}],"wp:attachment":[{"href":"https:\/\/loisraposo.com\/en\/wp-json\/wp\/v2\/media?parent=1008"}],"curies":[{"name":"wp","href":"https:\/\/api.w.org\/{rel}","templated":true}]}}